{"id":1771,"date":"2024-12-20T16:31:38","date_gmt":"2024-12-20T15:31:38","guid":{"rendered":"https:\/\/ellana.nl\/?post_type=product&#038;p=1771"},"modified":"2024-12-23T10:49:23","modified_gmt":"2024-12-23T09:49:23","slug":"kerst","status":"publish","type":"product","link":"https:\/\/ellana.nl\/pl\/produkt\/kerst\/","title":{"rendered":"KERST IN NEDERLAND"},"content":{"rendered":"","protected":false},"excerpt":{"rendered":"<p>Darmowy e-book \u2018Kerst\u2019 zawiera podstawowe s\u0142ownictwo, wyra\u017cenia zwi\u0105zane z \u015awi\u0119tami Bo\u017cego Narodzenia w Holandii oraz kilka przyk\u0142adowych \u017cycze\u0144 Bo\u017conarodzeniowych.<\/p>\n<p>Czy mo\u017cna wycina\u0107 choinki w lesie w Holandii? Ile dni trwaj\u0105 \u015awi\u0119ta Bo\u017cego Narodzenia W Holandii? Czy holendrzy obchodz\u0105 Wigilie? Co jedz\u0105 holendrzy w Bo\u017ce Narodzenie? Jak to jest z pisaniem kartek Bo\u017conarodzeniowych? Odpowiedzi na te pytania znajdziesz w tek\u015bcie. Tekst jest zar\u00f3wno w j\u0119zyku polskim jak i w niderlandzkim. Chcesz sprawdzi\u0107 czy tekst po niderlandzku dobrze zrozumia\u0142e\u015b? Rozwi\u0105\u017c bonusowe zadania.<\/p>\n<p>Na koniec za\u015bpiewaj kol\u0119d\u0119 \u2018Cicha noc\u2019 po niderlandzku oraz zadaj kilka pyta\u0144 Twojemu holenderskiemu s\u0105siadowi i dowiedz si\u0119 jak on sp\u0119dza Kerst.<\/p>\n<p>Succes!<\/p>\n","protected":false},"featured_media":1775,"comment_status":"closed","ping_status":"closed","template":"","meta":{"_kb_optimizer_status":2,"_kad_blocks_custom_css":"","_kad_blocks_head_custom_js":"","_kad_blocks_body_custom_js":"","_kad_blocks_footer_custom_js":"","_kad_post_transparent":"default","_kad_post_title":"","_kad_post_layout":"default","_kad_post_sidebar_id":"","_kad_post_content_style":"default","_kad_post_vertical_padding":"default","_kad_post_feature":"","_kad_post_feature_position":"","_kad_post_header":false,"_kad_post_footer":false,"_kad_post_classname":""},"product_brand":[],"product_cat":[16],"product_tag":[],"class_list":{"0":"post-1771","1":"product","2":"type-product","3":"status-publish","4":"has-post-thumbnail","6":"product_cat-bez-kategorii","8":"first","9":"instock","10":"downloadable","11":"shipping-taxable","12":"purchasable","13":"product-type-simple","14":"entry","15":"content-bg","16":"loop-entry"},"yoast_head":"<!-- This site is optimized with the Yoast SEO plugin v27.4 - https:\/\/yoast.com\/product\/yoast-seo-wordpress\/ -->\n<title>KERST IN NEDERLAND - Ellana.nl - Szko\u0142a j\u0119zyka niderlandzkiego<\/title>\n<meta name=\"robots\" content=\"index, follow, max-snippet:-1, max-image-preview:large, max-video-preview:-1\" \/>\n<link rel=\"canonical\" href=\"https:\/\/ellana.nl\/pl\/produkt\/kerst\/\" \/>\n<meta property=\"og:locale\" content=\"pl_PL\" \/>\n<meta property=\"og:type\" content=\"article\" \/>\n<meta property=\"og:title\" content=\"KERST IN NEDERLAND - Ellana.nl - Szko\u0142a j\u0119zyka niderlandzkiego\" \/>\n<meta property=\"og:description\" content=\"Darmowy e-book \u2018Kerst\u2019 zawiera podstawowe s\u0142ownictwo, wyra\u017cenia zwi\u0105zane z \u015awi\u0119tami Bo\u017cego Narodzenia w Holandii oraz kilka przyk\u0142adowych \u017cycze\u0144 Bo\u017conarodzeniowych.  Czy mo\u017cna wycina\u0107 choinki w lesie w Holandii? Ile dni trwaj\u0105 \u015awi\u0119ta Bo\u017cego Narodzenia W Holandii? Czy holendrzy obchodz\u0105 Wigilie? Co jedz\u0105 holendrzy w Bo\u017ce Narodzenie? Jak to jest z pisaniem kartek Bo\u017conarodzeniowych? Odpowiedzi na te pytania znajdziesz w tek\u015bcie. Tekst jest zar\u00f3wno w j\u0119zyku polskim jak i w niderlandzkim. Chcesz sprawdzi\u0107 czy tekst po niderlandzku dobrze zrozumia\u0142e\u015b? Rozwi\u0105\u017c bonusowe zadania.  Na koniec za\u015bpiewaj kol\u0119d\u0119 \u2018Cicha noc\u2019 po niderlandzku oraz zadaj kilka pyta\u0144 Twojemu holenderskiemu s\u0105siadowi i dowiedz si\u0119 jak on sp\u0119dza Kerst.  Succes!\" \/>\n<meta property=\"og:url\" content=\"https:\/\/ellana.nl\/pl\/produkt\/kerst\/\" \/>\n<meta property=\"og:site_name\" content=\"Ellana.nl - Szko\u0142a j\u0119zyka niderlandzkiego\" \/>\n<meta property=\"article:publisher\" content=\"https:\/\/www.facebook.com\/eamtaal\" \/>\n<meta property=\"article:modified_time\" content=\"2024-12-23T09:49:23+00:00\" \/>\n<meta property=\"og:image\" content=\"https:\/\/ellana.nl\/wp-content\/uploads\/2024\/12\/1.jpeg\" \/>\n\t<meta property=\"og:image:width\" content=\"905\" \/>\n\t<meta property=\"og:image:height\" content=\"1280\" \/>\n\t<meta property=\"og:image:type\" content=\"image\/jpeg\" \/>\n<meta name=\"twitter:card\" content=\"summary_large_image\" \/>\n<meta name=\"twitter:label1\" content=\"Szacowany czas czytania\" \/>\n\t<meta name=\"twitter:data1\" content=\"1 minuta\" \/>\n<script type=\"application\/ld+json\" class=\"yoast-schema-graph\">{\"@context\":\"https:\\\/\\\/schema.org\",\"@graph\":[{\"@type\":\"WebPage\",\"@id\":\"https:\\\/\\\/ellana.nl\\\/pl\\\/produkt\\\/kerst\\\/\",\"url\":\"https:\\\/\\\/ellana.nl\\\/pl\\\/produkt\\\/kerst\\\/\",\"name\":\"KERST IN NEDERLAND - Ellana.nl - Szko\u0142a j\u0119zyka niderlandzkiego\",\"isPartOf\":{\"@id\":\"https:\\\/\\\/ellana.nl\\\/pl\\\/#website\"},\"primaryImageOfPage\":{\"@id\":\"https:\\\/\\\/ellana.nl\\\/pl\\\/produkt\\\/kerst\\\/#primaryimage\"},\"image\":{\"@id\":\"https:\\\/\\\/ellana.nl\\\/pl\\\/produkt\\\/kerst\\\/#primaryimage\"},\"thumbnailUrl\":\"https:\\\/\\\/ellana.nl\\\/wp-content\\\/uploads\\\/2024\\\/12\\\/1.jpeg\",\"datePublished\":\"2024-12-20T15:31:38+00:00\",\"dateModified\":\"2024-12-23T09:49:23+00:00\",\"breadcrumb\":{\"@id\":\"https:\\\/\\\/ellana.nl\\\/pl\\\/produkt\\\/kerst\\\/#breadcrumb\"},\"inLanguage\":\"pl-PL\",\"potentialAction\":[{\"@type\":\"ReadAction\",\"target\":[\"https:\\\/\\\/ellana.nl\\\/pl\\\/produkt\\\/kerst\\\/\"]}]},{\"@type\":\"ImageObject\",\"inLanguage\":\"pl-PL\",\"@id\":\"https:\\\/\\\/ellana.nl\\\/pl\\\/produkt\\\/kerst\\\/#primaryimage\",\"url\":\"https:\\\/\\\/ellana.nl\\\/wp-content\\\/uploads\\\/2024\\\/12\\\/1.jpeg\",\"contentUrl\":\"https:\\\/\\\/ellana.nl\\\/wp-content\\\/uploads\\\/2024\\\/12\\\/1.jpeg\",\"width\":905,\"height\":1280},{\"@type\":\"BreadcrumbList\",\"@id\":\"https:\\\/\\\/ellana.nl\\\/pl\\\/produkt\\\/kerst\\\/#breadcrumb\",\"itemListElement\":[{\"@type\":\"ListItem\",\"position\":1,\"name\":\"Strona g\u0142\u00f3wna\",\"item\":\"https:\\\/\\\/ellana.nl\\\/pl\\\/\"},{\"@type\":\"ListItem\",\"position\":2,\"name\":\"Sklep\",\"item\":\"https:\\\/\\\/ellana.nl\\\/sklep\\\/\"},{\"@type\":\"ListItem\",\"position\":3,\"name\":\"KERST IN NEDERLAND\"}]},{\"@type\":\"WebSite\",\"@id\":\"https:\\\/\\\/ellana.nl\\\/pl\\\/#website\",\"url\":\"https:\\\/\\\/ellana.nl\\\/pl\\\/\",\"name\":\"Ellana.nl - kursy j\u0119zyka holenderskiego\",\"description\":\"Szko\u0142a j\u0119zyka niderlandzkiego\",\"publisher\":{\"@id\":\"https:\\\/\\\/ellana.nl\\\/pl\\\/#organization\"},\"potentialAction\":[{\"@type\":\"SearchAction\",\"target\":{\"@type\":\"EntryPoint\",\"urlTemplate\":\"https:\\\/\\\/ellana.nl\\\/pl\\\/?s={search_term_string}\"},\"query-input\":{\"@type\":\"PropertyValueSpecification\",\"valueRequired\":true,\"valueName\":\"search_term_string\"}}],\"inLanguage\":\"pl-PL\"},{\"@type\":\"Organization\",\"@id\":\"https:\\\/\\\/ellana.nl\\\/pl\\\/#organization\",\"name\":\"Ellana.nl - kursy j\u0119zyka holenderskiego\",\"url\":\"https:\\\/\\\/ellana.nl\\\/pl\\\/\",\"logo\":{\"@type\":\"ImageObject\",\"inLanguage\":\"pl-PL\",\"@id\":\"https:\\\/\\\/ellana.nl\\\/pl\\\/#\\\/schema\\\/logo\\\/image\\\/\",\"url\":\"https:\\\/\\\/ellana.nl\\\/wp-content\\\/uploads\\\/2026\\\/03\\\/cropped-ELLANA-1.webp\",\"contentUrl\":\"https:\\\/\\\/ellana.nl\\\/wp-content\\\/uploads\\\/2026\\\/03\\\/cropped-ELLANA-1.webp\",\"width\":500,\"height\":94,\"caption\":\"Ellana.nl - kursy j\u0119zyka holenderskiego\"},\"image\":{\"@id\":\"https:\\\/\\\/ellana.nl\\\/pl\\\/#\\\/schema\\\/logo\\\/image\\\/\"},\"sameAs\":[\"https:\\\/\\\/www.facebook.com\\\/eamtaal\",\"https:\\\/\\\/www.instagram.com\\\/eamtaal.nl\\\/\",\"https:\\\/\\\/www.youtube.com\\\/watch?v=sPl1oD6xrY4\",\"https:\\\/\\\/www.linkedin.com\\\/in\\\/ella-de-jonge-9b20b898\\\/\"]}]}<\/script>\n<!-- \/ Yoast SEO plugin. -->","yoast_head_json":{"title":"KERST IN NEDERLAND - Ellana.nl - Szko\u0142a j\u0119zyka niderlandzkiego","robots":{"index":"index","follow":"follow","max-snippet":"max-snippet:-1","max-image-preview":"max-image-preview:large","max-video-preview":"max-video-preview:-1"},"canonical":"https:\/\/ellana.nl\/pl\/produkt\/kerst\/","og_locale":"pl_PL","og_type":"article","og_title":"KERST IN NEDERLAND - Ellana.nl - Szko\u0142a j\u0119zyka niderlandzkiego","og_description":"Darmowy e-book \u2018Kerst\u2019 zawiera podstawowe s\u0142ownictwo, wyra\u017cenia zwi\u0105zane z \u015awi\u0119tami Bo\u017cego Narodzenia w Holandii oraz kilka przyk\u0142adowych \u017cycze\u0144 Bo\u017conarodzeniowych.  Czy mo\u017cna wycina\u0107 choinki w lesie w Holandii? Ile dni trwaj\u0105 \u015awi\u0119ta Bo\u017cego Narodzenia W Holandii? Czy holendrzy obchodz\u0105 Wigilie? Co jedz\u0105 holendrzy w Bo\u017ce Narodzenie? Jak to jest z pisaniem kartek Bo\u017conarodzeniowych? Odpowiedzi na te pytania znajdziesz w tek\u015bcie. Tekst jest zar\u00f3wno w j\u0119zyku polskim jak i w niderlandzkim. Chcesz sprawdzi\u0107 czy tekst po niderlandzku dobrze zrozumia\u0142e\u015b? Rozwi\u0105\u017c bonusowe zadania.  Na koniec za\u015bpiewaj kol\u0119d\u0119 \u2018Cicha noc\u2019 po niderlandzku oraz zadaj kilka pyta\u0144 Twojemu holenderskiemu s\u0105siadowi i dowiedz si\u0119 jak on sp\u0119dza Kerst.  Succes!","og_url":"https:\/\/ellana.nl\/pl\/produkt\/kerst\/","og_site_name":"Ellana.nl - Szko\u0142a j\u0119zyka niderlandzkiego","article_publisher":"https:\/\/www.facebook.com\/eamtaal","article_modified_time":"2024-12-23T09:49:23+00:00","og_image":[{"width":905,"height":1280,"url":"https:\/\/ellana.nl\/wp-content\/uploads\/2024\/12\/1.jpeg","type":"image\/jpeg"}],"twitter_card":"summary_large_image","twitter_misc":{"Szacowany czas czytania":"1 minuta"},"schema":{"@context":"https:\/\/schema.org","@graph":[{"@type":"WebPage","@id":"https:\/\/ellana.nl\/pl\/produkt\/kerst\/","url":"https:\/\/ellana.nl\/pl\/produkt\/kerst\/","name":"KERST IN NEDERLAND - Ellana.nl - Szko\u0142a j\u0119zyka niderlandzkiego","isPartOf":{"@id":"https:\/\/ellana.nl\/pl\/#website"},"primaryImageOfPage":{"@id":"https:\/\/ellana.nl\/pl\/produkt\/kerst\/#primaryimage"},"image":{"@id":"https:\/\/ellana.nl\/pl\/produkt\/kerst\/#primaryimage"},"thumbnailUrl":"https:\/\/ellana.nl\/wp-content\/uploads\/2024\/12\/1.jpeg","datePublished":"2024-12-20T15:31:38+00:00","dateModified":"2024-12-23T09:49:23+00:00","breadcrumb":{"@id":"https:\/\/ellana.nl\/pl\/produkt\/kerst\/#breadcrumb"},"inLanguage":"pl-PL","potentialAction":[{"@type":"ReadAction","target":["https:\/\/ellana.nl\/pl\/produkt\/kerst\/"]}]},{"@type":"ImageObject","inLanguage":"pl-PL","@id":"https:\/\/ellana.nl\/pl\/produkt\/kerst\/#primaryimage","url":"https:\/\/ellana.nl\/wp-content\/uploads\/2024\/12\/1.jpeg","contentUrl":"https:\/\/ellana.nl\/wp-content\/uploads\/2024\/12\/1.jpeg","width":905,"height":1280},{"@type":"BreadcrumbList","@id":"https:\/\/ellana.nl\/pl\/produkt\/kerst\/#breadcrumb","itemListElement":[{"@type":"ListItem","position":1,"name":"Strona g\u0142\u00f3wna","item":"https:\/\/ellana.nl\/pl\/"},{"@type":"ListItem","position":2,"name":"Sklep","item":"https:\/\/ellana.nl\/sklep\/"},{"@type":"ListItem","position":3,"name":"KERST IN NEDERLAND"}]},{"@type":"WebSite","@id":"https:\/\/ellana.nl\/pl\/#website","url":"https:\/\/ellana.nl\/pl\/","name":"Ellana.nl - kursy j\u0119zyka holenderskiego","description":"Szko\u0142a j\u0119zyka niderlandzkiego","publisher":{"@id":"https:\/\/ellana.nl\/pl\/#organization"},"potentialAction":[{"@type":"SearchAction","target":{"@type":"EntryPoint","urlTemplate":"https:\/\/ellana.nl\/pl\/?s={search_term_string}"},"query-input":{"@type":"PropertyValueSpecification","valueRequired":true,"valueName":"search_term_string"}}],"inLanguage":"pl-PL"},{"@type":"Organization","@id":"https:\/\/ellana.nl\/pl\/#organization","name":"Ellana.nl - kursy j\u0119zyka holenderskiego","url":"https:\/\/ellana.nl\/pl\/","logo":{"@type":"ImageObject","inLanguage":"pl-PL","@id":"https:\/\/ellana.nl\/pl\/#\/schema\/logo\/image\/","url":"https:\/\/ellana.nl\/wp-content\/uploads\/2026\/03\/cropped-ELLANA-1.webp","contentUrl":"https:\/\/ellana.nl\/wp-content\/uploads\/2026\/03\/cropped-ELLANA-1.webp","width":500,"height":94,"caption":"Ellana.nl - kursy j\u0119zyka holenderskiego"},"image":{"@id":"https:\/\/ellana.nl\/pl\/#\/schema\/logo\/image\/"},"sameAs":["https:\/\/www.facebook.com\/eamtaal","https:\/\/www.instagram.com\/eamtaal.nl\/","https:\/\/www.youtube.com\/watch?v=sPl1oD6xrY4","https:\/\/www.linkedin.com\/in\/ella-de-jonge-9b20b898\/"]}]}},"taxonomy_info":{"product_cat":[{"value":16,"label":"Bez kategorii"}]},"featured_image_src_large":["https:\/\/ellana.nl\/wp-content\/uploads\/2024\/12\/1-724x1024.jpeg",724,1024,true],"author_info":[],"comment_info":0,"_links":{"self":[{"href":"https:\/\/ellana.nl\/pl\/wp-json\/wp\/v2\/product\/1771","targetHints":{"allow":["GET"]}}],"collection":[{"href":"https:\/\/ellana.nl\/pl\/wp-json\/wp\/v2\/product"}],"about":[{"href":"https:\/\/ellana.nl\/pl\/wp-json\/wp\/v2\/types\/product"}],"replies":[{"embeddable":true,"href":"https:\/\/ellana.nl\/pl\/wp-json\/wp\/v2\/comments?post=1771"}],"wp:featuredmedia":[{"embeddable":true,"href":"https:\/\/ellana.nl\/pl\/wp-json\/wp\/v2\/media\/1775"}],"wp:attachment":[{"href":"https:\/\/ellana.nl\/pl\/wp-json\/wp\/v2\/media?parent=1771"}],"wp:term":[{"taxonomy":"product_brand","embeddable":true,"href":"https:\/\/ellana.nl\/pl\/wp-json\/wp\/v2\/product_brand?post=1771"},{"taxonomy":"product_cat","embeddable":true,"href":"https:\/\/ellana.nl\/pl\/wp-json\/wp\/v2\/product_cat?post=1771"},{"taxonomy":"product_tag","embeddable":true,"href":"https:\/\/ellana.nl\/pl\/wp-json\/wp\/v2\/product_tag?post=1771"}],"curies":[{"name":"wp","href":"https:\/\/api.w.org\/{rel}","templated":true}]}}