{"id":774,"date":"2024-03-13T10:46:48","date_gmt":"2024-03-13T09:46:48","guid":{"rendered":"https:\/\/ellana.nl\/?page_id=774"},"modified":"2026-04-15T10:21:29","modified_gmt":"2026-04-15T08:21:29","slug":"polityka-prywatnosci","status":"publish","type":"page","link":"https:\/\/ellana.nl\/pl\/polityka-prywatnosci\/","title":{"rendered":"Polityka Prywatno\u015bci"},"content":{"rendered":"<style>.kb-row-layout-id774_8e6309-6f > .kt-row-column-wrap{align-content:start;}:where(.kb-row-layout-id774_8e6309-6f > .kt-row-column-wrap) > .wp-block-kadence-column{justify-content:start;}.kb-row-layout-id774_8e6309-6f > .kt-row-column-wrap{column-gap:var(--global-kb-gap-md, 2rem);row-gap:var(--global-kb-gap-md, 2rem);max-width:var( --global-content-width, 1290px );padding-left:var(--global-content-edge-padding);padding-right:var(--global-content-edge-padding);padding-top:80px;padding-bottom:80px;grid-template-columns:minmax(0, 1fr);}.kb-row-layout-id774_8e6309-6f > .kt-row-layout-overlay{opacity:0.30;}@media all and (max-width: 1024px){.kb-row-layout-id774_8e6309-6f > .kt-row-column-wrap{grid-template-columns:minmax(0, 1fr);}}@media all and (max-width: 767px){.kb-row-layout-id774_8e6309-6f > .kt-row-column-wrap{grid-template-columns:minmax(0, 1fr);}}<\/style><div class=\"kb-row-layout-wrap kb-row-layout-id774_8e6309-6f alignnone wp-block-kadence-rowlayout\"><div class=\"kt-row-column-wrap kt-has-1-columns kt-row-layout-equal kt-tab-layout-inherit kt-mobile-layout-row kt-row-valign-top kb-theme-content-width\">\n<style>.kadence-column774_c45072-97 > .kt-inside-inner-col,.kadence-column774_c45072-97 > .kt-inside-inner-col:before{border-top-left-radius:0px;border-top-right-radius:0px;border-bottom-right-radius:0px;border-bottom-left-radius:0px;}.kadence-column774_c45072-97 > .kt-inside-inner-col{column-gap:var(--global-kb-gap-sm, 1rem);}.kadence-column774_c45072-97 > .kt-inside-inner-col{flex-direction:column;}.kadence-column774_c45072-97 > .kt-inside-inner-col > .aligncenter{width:100%;}.kadence-column774_c45072-97 > .kt-inside-inner-col:before{opacity:0.3;}.kadence-column774_c45072-97{position:relative;}@media all and (max-width: 1024px){.kadence-column774_c45072-97 > .kt-inside-inner-col{flex-direction:column;justify-content:center;}}@media all and (max-width: 767px){.kadence-column774_c45072-97 > .kt-inside-inner-col{flex-direction:column;justify-content:center;}}<\/style>\n<div class=\"wp-block-kadence-column kadence-column774_c45072-97\"><div class=\"kt-inside-inner-col\"><style>.wp-block-kadence-advancedheading.kt-adv-heading774_bb72d5-47, .wp-block-kadence-advancedheading.kt-adv-heading774_bb72d5-47[data-kb-block=\"kb-adv-heading774_bb72d5-47\"]{padding-bottom:40px;text-align:left;font-style:normal;}.wp-block-kadence-advancedheading.kt-adv-heading774_bb72d5-47 mark.kt-highlight, .wp-block-kadence-advancedheading.kt-adv-heading774_bb72d5-47[data-kb-block=\"kb-adv-heading774_bb72d5-47\"] mark.kt-highlight{font-style:normal;color:#f76a0c;-webkit-box-decoration-break:clone;box-decoration-break:clone;padding-top:0px;padding-right:0px;padding-bottom:0px;padding-left:0px;}.wp-block-kadence-advancedheading.kt-adv-heading774_bb72d5-47 img.kb-inline-image, .wp-block-kadence-advancedheading.kt-adv-heading774_bb72d5-47[data-kb-block=\"kb-adv-heading774_bb72d5-47\"] img.kb-inline-image{width:150px;vertical-align:baseline;}<\/style>\n<h1 class=\"kt-adv-heading774_bb72d5-47 wp-block-kadence-advancedheading has-theme-palette-5-color has-text-color\" data-kb-block=\"kb-adv-heading774_bb72d5-47\"><strong>Polityka Prywatno\u015bci | Ellana.nl<\/strong><\/h1>\n\n\n\n<p style=\"font-size:20px\"><strong>1. Postanowienia og\u00f3lne<\/strong><\/p>\n\n\n\n<p>ELLANA zdaje sobie spraw\u0119, \u017ce pok\u0142adasz w niej zaufanie. Dlatego te\u017c ELLANA uwa\u017ca za swoj\u0105 odpowiedzialno\u015b\u0107 ochron\u0119 Twojej prywatno\u015bci. W niniejszym o\u015bwiadczeniu o ochronie prywatno\u015bci przedstawione s\u0105 informacje na temat danych zbieranych przez ELLANA oraz sposobu ich przetwarzania.<\/p>\n\n\n\n<p>Niniejsza polityka prywatno\u015bci ma zastosowanie do wszystkich us\u0142ug ELLANA. Nale\u017cy by\u0107 \u015bwiadomym, \u017ce ELLANA nie jest odpowiedzialna za polityk\u0119 prywatno\u015bci innych stron i \u017ar\u00f3de\u0142. Korzystaj\u0105c z tej strony internetowej, wyra\u017casz zgod\u0119 na akceptacj\u0119 polityki prywatno\u015bci. ELLANA szanuje prywatno\u015b\u0107 wszystkich u\u017cytkownik\u00f3w swojej strony i dba o to, by osobiste informacje, kt\u00f3re nam dostarczasz, by\u0142y traktowane jako poufne.<\/p>\n\n\n\n<p>To o\u015bwiadczenie o ochronie prywatno\u015bci jest dostosowane do u\u017cytkowania i mo\u017cliwo\u015bci na tej stronie. Mo\u017cliwe zmiany i\/lub modyfikacje tej strony mog\u0105 prowadzi\u0107 do zmian w niniejszym o\u015bwiadczeniu o ochronie prywatno\u015bci. Dlatego zaleca si\u0119 regularne konsultowanie tego o\u015bwiadczenia o ochronie prywatno\u015bci.<\/p>\n\n\n\n<p>ELLANA ma swoj\u0105 siedzib\u0119 w Monster i jest zarejestrowana w Izbie Handlowej pod numerem 73528609. El\u017cbieta Anna de Jonge nadzoruje prawid\u0142owe przetwarzanie Twoich danych osobowych.<\/p>\n\n\n\n<p>Kontakt: +31 (0)614832525<\/p>\n\n\n\n<p><a>mail@ellana.nl<\/a><\/p>\n\n\n\n<p> <a href=\"http:\/\/www.ellana.nl\/\">www.ellana.nl<\/a><\/p>\n\n\n\n<p style=\"font-size:20px\"><strong> 2. Jakie dane s\u0105 zbierane?<\/strong><\/p>\n\n\n\n<p>ELLANA zbiera i przetwarza tylko te dane osobowe, kt\u00f3re zosta\u0142y przez Ciebie dostarczone.<\/p>\n\n\n\n<p>Je\u015bli korzystasz z naszych us\u0142ug, wype\u0142niasz formularz kontaktowy i\/lub rejestracyjny, zawierasz umow\u0119 z ELLANA, zostaniesz poproszony o podanie nast\u0119puj\u0105cych danych:<\/p>\n\n\n\n<p>Imi\u0119 i nazwisko; Adres e-mail; Numer telefonu; Adres zamieszkania. <\/p>\n\n\n\n<p style=\"font-size:20px\"><strong>Artyku\u0142 3. W jakim celu zbierane s\u0105 powy\u017csze dane i do czego s\u0105 wykorzystywane?<\/strong><\/p>\n\n\n\n<p>Dane te s\u0105 wykorzystywane do \u015bwiadczenia us\u0142ug przez ELLANA, informowania Ci\u0119 o zmianach w jej us\u0142ugach oraz do wystawiania i wysy\u0142ania faktur zgodnie z wymogami prawnymi Urz\u0119du Skarbowego.<\/p>\n\n\n\n<p>Gdy wysy\u0142asz do ELLANA e-mail lub inne wiadomo\u015bci, istnieje mo\u017cliwo\u015b\u0107, \u017ce ELLANA zachowa te wiadomo\u015bci. Czasami ELLANA prosi o Twoje dane osobowe, kt\u00f3re s\u0105 istotne dla danej sytuacji. Umo\u017cliwia to przetwarzanie Twoich pyta\u0144 i realizacj\u0119 Twoich \u017c\u0105da\u0144.<\/p>\n\n\n\n<p>ELLANA nie zbiera ani nie wykorzystuje informacji do innych cel\u00f3w ni\u017c opisane w niniejszej polityce prywatno\u015bci, chyba \u017ce uzyska\u0142a wcze\u015bniej Twoj\u0105 zgod\u0119 na to.<\/p>\n\n\n\n<p style=\"font-size:20px\"><strong>4. Jak d\u0142ugo przechowywane s\u0105 Twoje dane?<\/strong><\/p>\n\n\n\n<p>ELLANA nie przechowuje Twoich danych osobowych d\u0142u\u017cej ni\u017c jest to koniecznie potrzebne, chyba \u017ce istnieje prawny obowi\u0105zek d\u0142u\u017cszego przechowywania Twoich danych osobowych przez ELLANA. Podstawow\u0105 zasad\u0105 jest, \u017ce Twoje dane osobowe s\u0105 przechowywane tak d\u0142ugo, jak jest to konieczne do \u015bwiadczenia Ci produkt\u00f3w i\/lub us\u0142ug przez ELLANA.<\/p>\n\n\n\n<p>Twoje dane osobowe zostan\u0105 usuni\u0119te w ka\u017cdym z poni\u017cszych przypadk\u00f3w:<\/p>\n\n\n\n<p>w przypadku wykonania umowy: 5 lat po zako\u0144czeniu umowy, na potrzeby ewentualnych przysz\u0142ych um\u00f3w; w przypadku p\u0142atno\u015bci i rozliczania faktur: 7 lat po zap\u0142aceniu danej faktury, w celu spe\u0142nienia wymog\u00f3w prawnych urz\u0119du skarbowego; w przypadku sk\u0142adania wniosku o niezobowi\u0105zuj\u0105c\u0105 ofert\u0119: 1 rok po wys\u0142aniu niezobowi\u0105zuj\u0105cej oferty; w przypadku newslettera: po rezygnacji; w przypadku rozpatrywania pyta\u0144 i reklamacji: po zadowalaj\u0105cym rozwi\u0105zaniu skargi. E-maile b\u0119d\u0105 przechowywane maksymalnie 3 lata, a nast\u0119pnie usuni\u0119te z skrzynki odbiorczej.<\/p>\n\n\n\n<p style=\"font-size:20px\"><strong>5. Z kim dzielone s\u0105 dane osobowe?<\/strong><\/p>\n\n\n\n<p>ELLANA mo\u017ce udost\u0119pnia\u0107 dane osobowe wy\u0142\u0105cznie osobom trzecim i tylko w celu prawid\u0142owego wykonania umowy z Tob\u0105 lub w celu spe\u0142nienia obowi\u0105zku prawnego. E-maile s\u0105 otwierane i wysy\u0142ane tylko za po\u015brednictwem webmaila hostingu. Strona jest hostowana przez firm\u0119 LH.pl, z siedzib\u0105 w Poznaniu.<\/p>\n\n\n\n<p>ELLANA jest zobowi\u0105zana do zachowania poufno\u015bci Twoich danych.<\/p>\n\n\n\n<p style=\"font-size:20px\"><strong>6. Linki zewn\u0119trzne<\/strong><\/p>\n\n\n\n<p>Przyciski medi\u00f3w spo\u0142eczno\u015bciowych maj\u0105 na celu u\u0142atwienie Ci kontaktu i \u015bledzenia aktualizacji dotycz\u0105cych ELLANA. Ka\u017cdy kana\u0142 medi\u00f3w spo\u0142eczno\u015bciowych ma swoj\u0105 w\u0142asn\u0105 polityk\u0119 prywatno\u015bci, kt\u00f3r\u0105 znajdziesz na ich w\u0142asnej stronie internetowej.<\/p>\n\n\n\n<p style=\"font-size:20px\"><strong>7. Jakie masz prawa?<\/strong><\/p>\n\n\n\n<p>Masz prawo w ka\u017cdej chwili do dost\u0119pu do swoich danych osobowych, ich poprawienia lub usuni\u0119cia. Ponadto masz prawo wycofa\u0107 swoj\u0105 zgod\u0119 na przetwarzanie danych lub zg\u0142osi\u0107 sprzeciw wobec przetwarzania Twoich danych osobowych przez ELLANA, a tak\u017ce masz prawo do przenoszenia danych. Oznacza to, \u017ce mo\u017cesz zwr\u00f3ci\u0107 si\u0119 do ELLANA z pro\u015bb\u0105 o przes\u0142anie danych osobowych, kt\u00f3re ELLANA posiada na Tw\u00f3j temat, w pliku komputerowym do Ciebie, innej osoby lub organizacji wskazanej przez Ciebie.<\/p>\n\n\n\n<p>Mo\u017cesz wys\u0142a\u0107 wniosek o dost\u0119p, poprawk\u0119, usuni\u0119cie, przeniesienie danych osobowych lub wniosek o wycofanie zgody lub sprzeciw wobec przetwarzania Twoich danych osobowych na adres <a>mail@ellana.nl<\/a>.<\/p>\n\n\n\n<p>Aby upewni\u0107 si\u0119, \u017ce wniosek o dost\u0119p zosta\u0142 z\u0142o\u017cony przez Ciebie, prosimy o do\u0142\u0105czenie kopii dowodu to\u017csamo\u015bci do wniosku. Na tej kopii zas\u0142o\u0144 zdj\u0119cie, MRZ (stref\u0119 odczytu maszynowego, pasek z numerami na dole paszportu), numer paszportu i numer identyfikacyjny obywatela (BSN). Ma to na celu ochron\u0119 Twojej prywatno\u015bci. ELLANA odpowie na Tw\u00f3j wniosek jak najszybciej, ale w ci\u0105gu czterech tygodni.<\/p>\n\n\n\n<p>ELLANA chcia\u0142aby r\u00f3wnie\u017c poinformowa\u0107, \u017ce masz mo\u017cliwo\u015b\u0107 z\u0142o\u017cenia skargi do krajowego organu nadzorczego, Urz\u0119du Ochrony Danych Osobowych. Mo\u017cna to zrobi\u0107 za po\u015brednictwem nast\u0119puj\u0105cego linku: <a href=\"https:\/\/autoriteitpersoonsgegevens.nl\/nl\/contact-met-de-autoriteit-persoonsgegevens\/tip-ons\">https:\/\/autoriteitpersoonsgegevens.nl\/nl\/contact-met-de-autoriteit-persoonsgegevens\/tip-ons<\/a><\/p>\n\n\n\n<p style=\"font-size:20px\"><strong>8. Jak zabezpieczane s\u0105 Twoje dane?<\/strong><\/p>\n\n\n\n<p>ELLANA powa\u017cnie podchodzi do ochrony Twoich danych i podejmuje odpowiednie \u015brodki, aby zapobiec nadu\u017cyciom, utracie, nieautoryzowanemu dost\u0119powi, niechcianemu ujawnianiu i nieuprawnionej zmianie. Je\u015bli masz wra\u017cenie, \u017ce Twoje dane nie s\u0105 odpowiednio zabezpieczone lub istniej\u0105 dowody na nadu\u017cycia, skontaktuj si\u0119 za po\u015brednictwem formularza kontaktowego lub e-mail: <a>mail@ellana.nl<\/a>.<\/p>\n<\/div><\/div>\n\n<\/div><\/div>","protected":false},"excerpt":{"rendered":"<p>Polityka Prywatno\u015bci | Ellana.nl 1. Postanowienia og\u00f3lne ELLANA zdaje sobie spraw\u0119, \u017ce pok\u0142adasz w niej zaufanie. Dlatego te\u017c ELLANA uwa\u017ca za swoj\u0105 odpowiedzialno\u015b\u0107 ochron\u0119 Twojej prywatno\u015bci. W niniejszym o\u015bwiadczeniu o ochronie prywatno\u015bci przedstawione s\u0105 informacje na temat danych zbieranych przez ELLANA oraz sposobu ich przetwarzania. Niniejsza polityka prywatno\u015bci ma zastosowanie do wszystkich us\u0142ug ELLANA. Nale\u017cy&#8230;<\/p>\n","protected":false},"author":1,"featured_media":0,"parent":0,"menu_order":0,"comment_status":"closed","ping_status":"closed","template":"","meta":{"_kb_optimizer_status":1,"_kad_blocks_custom_css":"","_kad_blocks_head_custom_js":"","_kad_blocks_body_custom_js":"","_kad_blocks_footer_custom_js":"","_kad_post_transparent":"","_kad_post_title":"hide","_kad_post_layout":"","_kad_post_sidebar_id":"","_kad_post_content_style":"","_kad_post_vertical_padding":"","_kad_post_feature":"","_kad_post_feature_position":"","_kad_post_header":false,"_kad_post_footer":false,"_kad_post_classname":"","footnotes":""},"class_list":["post-774","page","type-page","status-publish","hentry"],"yoast_head":"<!-- This site is optimized with the Yoast SEO plugin v27.4 - https:\/\/yoast.com\/product\/yoast-seo-wordpress\/ -->\n<title>Polityka Prywatno\u015bci - Ellana.nl - Szko\u0142a j\u0119zyka niderlandzkiego<\/title>\n<meta name=\"robots\" content=\"noindex, nofollow\" \/>\n<meta property=\"og:locale\" content=\"pl_PL\" \/>\n<meta property=\"og:type\" content=\"article\" \/>\n<meta property=\"og:title\" content=\"Polityka Prywatno\u015bci - Ellana.nl - Szko\u0142a j\u0119zyka niderlandzkiego\" \/>\n<meta property=\"og:description\" content=\"Polityka Prywatno\u015bci | Ellana.nl 1. Postanowienia og\u00f3lne ELLANA zdaje sobie spraw\u0119, \u017ce pok\u0142adasz w niej zaufanie. Dlatego te\u017c ELLANA uwa\u017ca za swoj\u0105 odpowiedzialno\u015b\u0107 ochron\u0119 Twojej prywatno\u015bci. W niniejszym o\u015bwiadczeniu o ochronie prywatno\u015bci przedstawione s\u0105 informacje na temat danych zbieranych przez ELLANA oraz sposobu ich przetwarzania. Niniejsza polityka prywatno\u015bci ma zastosowanie do wszystkich us\u0142ug ELLANA. Nale\u017cy...\" \/>\n<meta property=\"og:url\" content=\"https:\/\/ellana.nl\/pl\/polityka-prywatnosci\/\" \/>\n<meta property=\"og:site_name\" content=\"Ellana.nl - Szko\u0142a j\u0119zyka niderlandzkiego\" \/>\n<meta property=\"article:publisher\" content=\"https:\/\/www.facebook.com\/eamtaal\" \/>\n<meta property=\"article:modified_time\" content=\"2026-04-15T08:21:29+00:00\" \/>\n<meta name=\"twitter:card\" content=\"summary_large_image\" \/>\n<meta name=\"twitter:label1\" content=\"Szacowany czas czytania\" \/>\n\t<meta name=\"twitter:data1\" content=\"5 minut\" \/>\n<script type=\"application\/ld+json\" class=\"yoast-schema-graph\">{\"@context\":\"https:\\\/\\\/schema.org\",\"@graph\":[{\"@type\":\"WebPage\",\"@id\":\"https:\\\/\\\/ellana.nl\\\/pl\\\/polityka-prywatnosci\\\/\",\"url\":\"https:\\\/\\\/ellana.nl\\\/pl\\\/polityka-prywatnosci\\\/\",\"name\":\"Polityka Prywatno\u015bci - Ellana.nl - Szko\u0142a j\u0119zyka niderlandzkiego\",\"isPartOf\":{\"@id\":\"https:\\\/\\\/ellana.nl\\\/pl\\\/#website\"},\"datePublished\":\"2024-03-13T09:46:48+00:00\",\"dateModified\":\"2026-04-15T08:21:29+00:00\",\"breadcrumb\":{\"@id\":\"https:\\\/\\\/ellana.nl\\\/pl\\\/polityka-prywatnosci\\\/#breadcrumb\"},\"inLanguage\":\"pl-PL\",\"potentialAction\":[{\"@type\":\"ReadAction\",\"target\":[\"https:\\\/\\\/ellana.nl\\\/pl\\\/polityka-prywatnosci\\\/\"]}]},{\"@type\":\"BreadcrumbList\",\"@id\":\"https:\\\/\\\/ellana.nl\\\/pl\\\/polityka-prywatnosci\\\/#breadcrumb\",\"itemListElement\":[{\"@type\":\"ListItem\",\"position\":1,\"name\":\"Strona g\u0142\u00f3wna\",\"item\":\"https:\\\/\\\/ellana.nl\\\/pl\\\/\"},{\"@type\":\"ListItem\",\"position\":2,\"name\":\"Polityka Prywatno\u015bci\"}]},{\"@type\":\"WebSite\",\"@id\":\"https:\\\/\\\/ellana.nl\\\/pl\\\/#website\",\"url\":\"https:\\\/\\\/ellana.nl\\\/pl\\\/\",\"name\":\"Ellana.nl - kursy j\u0119zyka holenderskiego\",\"description\":\"Szko\u0142a j\u0119zyka niderlandzkiego\",\"publisher\":{\"@id\":\"https:\\\/\\\/ellana.nl\\\/pl\\\/#organization\"},\"potentialAction\":[{\"@type\":\"SearchAction\",\"target\":{\"@type\":\"EntryPoint\",\"urlTemplate\":\"https:\\\/\\\/ellana.nl\\\/pl\\\/?s={search_term_string}\"},\"query-input\":{\"@type\":\"PropertyValueSpecification\",\"valueRequired\":true,\"valueName\":\"search_term_string\"}}],\"inLanguage\":\"pl-PL\"},{\"@type\":\"Organization\",\"@id\":\"https:\\\/\\\/ellana.nl\\\/pl\\\/#organization\",\"name\":\"Ellana.nl - kursy j\u0119zyka holenderskiego\",\"url\":\"https:\\\/\\\/ellana.nl\\\/pl\\\/\",\"logo\":{\"@type\":\"ImageObject\",\"inLanguage\":\"pl-PL\",\"@id\":\"https:\\\/\\\/ellana.nl\\\/pl\\\/#\\\/schema\\\/logo\\\/image\\\/\",\"url\":\"https:\\\/\\\/ellana.nl\\\/wp-content\\\/uploads\\\/2026\\\/03\\\/cropped-ELLANA-1.webp\",\"contentUrl\":\"https:\\\/\\\/ellana.nl\\\/wp-content\\\/uploads\\\/2026\\\/03\\\/cropped-ELLANA-1.webp\",\"width\":500,\"height\":94,\"caption\":\"Ellana.nl - kursy j\u0119zyka holenderskiego\"},\"image\":{\"@id\":\"https:\\\/\\\/ellana.nl\\\/pl\\\/#\\\/schema\\\/logo\\\/image\\\/\"},\"sameAs\":[\"https:\\\/\\\/www.facebook.com\\\/eamtaal\",\"https:\\\/\\\/www.instagram.com\\\/eamtaal.nl\\\/\",\"https:\\\/\\\/www.youtube.com\\\/watch?v=sPl1oD6xrY4\",\"https:\\\/\\\/www.linkedin.com\\\/in\\\/ella-de-jonge-9b20b898\\\/\"]}]}<\/script>\n<!-- \/ Yoast SEO plugin. -->","yoast_head_json":{"title":"Polityka Prywatno\u015bci - Ellana.nl - Szko\u0142a j\u0119zyka niderlandzkiego","robots":{"index":"noindex","follow":"nofollow"},"og_locale":"pl_PL","og_type":"article","og_title":"Polityka Prywatno\u015bci - Ellana.nl - Szko\u0142a j\u0119zyka niderlandzkiego","og_description":"Polityka Prywatno\u015bci | Ellana.nl 1. Postanowienia og\u00f3lne ELLANA zdaje sobie spraw\u0119, \u017ce pok\u0142adasz w niej zaufanie. Dlatego te\u017c ELLANA uwa\u017ca za swoj\u0105 odpowiedzialno\u015b\u0107 ochron\u0119 Twojej prywatno\u015bci. W niniejszym o\u015bwiadczeniu o ochronie prywatno\u015bci przedstawione s\u0105 informacje na temat danych zbieranych przez ELLANA oraz sposobu ich przetwarzania. Niniejsza polityka prywatno\u015bci ma zastosowanie do wszystkich us\u0142ug ELLANA. Nale\u017cy...","og_url":"https:\/\/ellana.nl\/pl\/polityka-prywatnosci\/","og_site_name":"Ellana.nl - Szko\u0142a j\u0119zyka niderlandzkiego","article_publisher":"https:\/\/www.facebook.com\/eamtaal","article_modified_time":"2026-04-15T08:21:29+00:00","twitter_card":"summary_large_image","twitter_misc":{"Szacowany czas czytania":"5 minut"},"schema":{"@context":"https:\/\/schema.org","@graph":[{"@type":"WebPage","@id":"https:\/\/ellana.nl\/pl\/polityka-prywatnosci\/","url":"https:\/\/ellana.nl\/pl\/polityka-prywatnosci\/","name":"Polityka Prywatno\u015bci - Ellana.nl - Szko\u0142a j\u0119zyka niderlandzkiego","isPartOf":{"@id":"https:\/\/ellana.nl\/pl\/#website"},"datePublished":"2024-03-13T09:46:48+00:00","dateModified":"2026-04-15T08:21:29+00:00","breadcrumb":{"@id":"https:\/\/ellana.nl\/pl\/polityka-prywatnosci\/#breadcrumb"},"inLanguage":"pl-PL","potentialAction":[{"@type":"ReadAction","target":["https:\/\/ellana.nl\/pl\/polityka-prywatnosci\/"]}]},{"@type":"BreadcrumbList","@id":"https:\/\/ellana.nl\/pl\/polityka-prywatnosci\/#breadcrumb","itemListElement":[{"@type":"ListItem","position":1,"name":"Strona g\u0142\u00f3wna","item":"https:\/\/ellana.nl\/pl\/"},{"@type":"ListItem","position":2,"name":"Polityka Prywatno\u015bci"}]},{"@type":"WebSite","@id":"https:\/\/ellana.nl\/pl\/#website","url":"https:\/\/ellana.nl\/pl\/","name":"Ellana.nl - kursy j\u0119zyka holenderskiego","description":"Szko\u0142a j\u0119zyka niderlandzkiego","publisher":{"@id":"https:\/\/ellana.nl\/pl\/#organization"},"potentialAction":[{"@type":"SearchAction","target":{"@type":"EntryPoint","urlTemplate":"https:\/\/ellana.nl\/pl\/?s={search_term_string}"},"query-input":{"@type":"PropertyValueSpecification","valueRequired":true,"valueName":"search_term_string"}}],"inLanguage":"pl-PL"},{"@type":"Organization","@id":"https:\/\/ellana.nl\/pl\/#organization","name":"Ellana.nl - kursy j\u0119zyka holenderskiego","url":"https:\/\/ellana.nl\/pl\/","logo":{"@type":"ImageObject","inLanguage":"pl-PL","@id":"https:\/\/ellana.nl\/pl\/#\/schema\/logo\/image\/","url":"https:\/\/ellana.nl\/wp-content\/uploads\/2026\/03\/cropped-ELLANA-1.webp","contentUrl":"https:\/\/ellana.nl\/wp-content\/uploads\/2026\/03\/cropped-ELLANA-1.webp","width":500,"height":94,"caption":"Ellana.nl - kursy j\u0119zyka holenderskiego"},"image":{"@id":"https:\/\/ellana.nl\/pl\/#\/schema\/logo\/image\/"},"sameAs":["https:\/\/www.facebook.com\/eamtaal","https:\/\/www.instagram.com\/eamtaal.nl\/","https:\/\/www.youtube.com\/watch?v=sPl1oD6xrY4","https:\/\/www.linkedin.com\/in\/ella-de-jonge-9b20b898\/"]}]}},"taxonomy_info":[],"featured_image_src_large":false,"author_info":{"display_name":"Ela De Jonge","author_link":"https:\/\/ellana.nl\/pl\/author\/admin-f6c8u81t\/"},"comment_info":0,"_links":{"self":[{"href":"https:\/\/ellana.nl\/pl\/wp-json\/wp\/v2\/pages\/774","targetHints":{"allow":["GET"]}}],"collection":[{"href":"https:\/\/ellana.nl\/pl\/wp-json\/wp\/v2\/pages"}],"about":[{"href":"https:\/\/ellana.nl\/pl\/wp-json\/wp\/v2\/types\/page"}],"author":[{"embeddable":true,"href":"https:\/\/ellana.nl\/pl\/wp-json\/wp\/v2\/users\/1"}],"replies":[{"embeddable":true,"href":"https:\/\/ellana.nl\/pl\/wp-json\/wp\/v2\/comments?post=774"}],"version-history":[{"count":4,"href":"https:\/\/ellana.nl\/pl\/wp-json\/wp\/v2\/pages\/774\/revisions"}],"predecessor-version":[{"id":2419,"href":"https:\/\/ellana.nl\/pl\/wp-json\/wp\/v2\/pages\/774\/revisions\/2419"}],"wp:attachment":[{"href":"https:\/\/ellana.nl\/pl\/wp-json\/wp\/v2\/media?parent=774"}],"curies":[{"name":"wp","href":"https:\/\/api.w.org\/{rel}","templated":true}]}}