{"id":766,"date":"2024-03-13T10:07:30","date_gmt":"2024-03-13T09:07:30","guid":{"rendered":"https:\/\/ellana.nl\/?page_id=766"},"modified":"2026-04-15T10:21:41","modified_gmt":"2026-04-15T08:21:41","slug":"warunki-kursow-niderlandzkiego","status":"publish","type":"page","link":"https:\/\/ellana.nl\/pl\/warunki-kursow-niderlandzkiego\/","title":{"rendered":"Warunki kurs\u00f3w niderlandzkiego"},"content":{"rendered":"<style>.kb-row-layout-id766_8397c6-95 > .kt-row-column-wrap{align-content:start;}:where(.kb-row-layout-id766_8397c6-95 > .kt-row-column-wrap) > .wp-block-kadence-column{justify-content:start;}.kb-row-layout-id766_8397c6-95 > .kt-row-column-wrap{column-gap:var(--global-kb-gap-md, 2rem);row-gap:var(--global-kb-gap-md, 2rem);max-width:var( --global-content-width, 1290px );padding-left:var(--global-content-edge-padding);padding-right:var(--global-content-edge-padding);padding-top:80px;padding-bottom:80px;grid-template-columns:minmax(0, 1fr);}.kb-row-layout-id766_8397c6-95 > .kt-row-layout-overlay{opacity:0.30;}@media all and (max-width: 1024px){.kb-row-layout-id766_8397c6-95 > .kt-row-column-wrap{grid-template-columns:minmax(0, 1fr);}}@media all and (max-width: 767px){.kb-row-layout-id766_8397c6-95 > .kt-row-column-wrap{grid-template-columns:minmax(0, 1fr);}}<\/style><div class=\"kb-row-layout-wrap kb-row-layout-id766_8397c6-95 alignnone wp-block-kadence-rowlayout\"><div class=\"kt-row-column-wrap kt-has-1-columns kt-row-layout-equal kt-tab-layout-inherit kt-mobile-layout-row kt-row-valign-top kb-theme-content-width\">\n<style>.kadence-column766_38676c-87 > .kt-inside-inner-col,.kadence-column766_38676c-87 > .kt-inside-inner-col:before{border-top-left-radius:0px;border-top-right-radius:0px;border-bottom-right-radius:0px;border-bottom-left-radius:0px;}.kadence-column766_38676c-87 > .kt-inside-inner-col{column-gap:var(--global-kb-gap-sm, 1rem);}.kadence-column766_38676c-87 > .kt-inside-inner-col{flex-direction:column;}.kadence-column766_38676c-87 > .kt-inside-inner-col > .aligncenter{width:100%;}.kadence-column766_38676c-87 > .kt-inside-inner-col:before{opacity:0.3;}.kadence-column766_38676c-87{position:relative;}@media all and (max-width: 1024px){.kadence-column766_38676c-87 > .kt-inside-inner-col{flex-direction:column;justify-content:center;}}@media all and (max-width: 767px){.kadence-column766_38676c-87 > .kt-inside-inner-col{flex-direction:column;justify-content:center;}}<\/style>\n<div class=\"wp-block-kadence-column kadence-column766_38676c-87\"><div class=\"kt-inside-inner-col\"><style>.wp-block-kadence-advancedheading.kt-adv-heading766_5e0ec0-4e, .wp-block-kadence-advancedheading.kt-adv-heading766_5e0ec0-4e[data-kb-block=\"kb-adv-heading766_5e0ec0-4e\"]{padding-bottom:40px;text-align:left;font-style:normal;}.wp-block-kadence-advancedheading.kt-adv-heading766_5e0ec0-4e mark.kt-highlight, .wp-block-kadence-advancedheading.kt-adv-heading766_5e0ec0-4e[data-kb-block=\"kb-adv-heading766_5e0ec0-4e\"] mark.kt-highlight{font-style:normal;color:#f76a0c;-webkit-box-decoration-break:clone;box-decoration-break:clone;padding-top:0px;padding-right:0px;padding-bottom:0px;padding-left:0px;}.wp-block-kadence-advancedheading.kt-adv-heading766_5e0ec0-4e img.kb-inline-image, .wp-block-kadence-advancedheading.kt-adv-heading766_5e0ec0-4e[data-kb-block=\"kb-adv-heading766_5e0ec0-4e\"] img.kb-inline-image{width:150px;vertical-align:baseline;}<\/style>\n<h1 class=\"kt-adv-heading766_5e0ec0-4e wp-block-kadence-advancedheading has-theme-palette-5-color has-text-color\" data-kb-block=\"kb-adv-heading766_5e0ec0-4e\">Warunki kurs\u00f3w niderlandzkiego | Ellana.nl<\/h1>\n\n\n\n<p style=\"font-size:20px\"><strong>KURSY GRUPOWE STACJONARNE<\/strong><\/p>\n\n\n\n<p>1.&nbsp;&nbsp;&nbsp;&nbsp;Kurs grupowy stacjonarny sk\u0142ada si\u0119 z 8 spotka\u0144, ka\u017cde po 2 godziny&nbsp;(1x w tygodniu).<\/p>\n\n\n\n<p>2.&nbsp;&nbsp;&nbsp;&nbsp;Minimalna ilo\u015b\u0107 uczestnik\u00f3w jest 4. W grupie jest maksymalnie osiem os\u00f3b.&nbsp;<\/p>\n\n\n\n<p>3.&nbsp;&nbsp;&nbsp;&nbsp;Cena kursu jest w\u0142\u0105cznie z materia\u0142em do nauki, testem i certyfikatem.&nbsp;<\/p>\n\n\n\n<p><strong>4.&nbsp;&nbsp;&nbsp;&nbsp;<\/strong><strong>Ostatecznym potwierdzeniem zapisu na kurs niderlandzkiego w ELLANA jest wniesienie op\u0142aty za kurs. By zagwarantowa\u0107 sobie miejsce na wybranym kursie sugerujemy dokonanie op\u0142aty w wyznaczonym terminie podanym w mailu. W innym przypadku rezerwacja miejsca zostaje anulowana.<\/strong><\/p>\n\n\n\n<p><strong>5.&nbsp;&nbsp;&nbsp;&nbsp;<\/strong><strong>Nie ma mo\u017cliwo\u015bci zap\u0142aty za kurs got\u00f3wk\u0105.<\/strong><\/p>\n\n\n\n<p>6.&nbsp;&nbsp;&nbsp;&nbsp;Po uiszczeniu op\u0142aty za kurs kursant otrzyma drog\u0105 mailow\u0105 ostateczne potwierdzenie zapisu na wybrany kurs oraz zap\u0142acon\u0105 faktur\u0119.&nbsp;&nbsp;<\/p>\n\n\n\n<p>7.&nbsp;&nbsp;&nbsp;&nbsp;Faktura zostaje wystawiona na podstawie danych podanych w formularzu zapis\u00f3w na kurs. Zmiana danych jest mo\u017cliwa poprzez kontakt mailowy ze szko\u0142\u0105 ELLANA, mail@ellana.nl.&nbsp;&nbsp;<\/p>\n\n\n\n<p>8.&nbsp;&nbsp;&nbsp;&nbsp;Po zakupie kursu kursant jest zobowi\u0105zany uczestniczy\u0107 w zaplanowanych zaj\u0119ciach, egzaminie oraz om\u00f3wieniu egzaminu.&nbsp;&nbsp;<\/p>\n\n\n\n<p>9.&nbsp;&nbsp;&nbsp;&nbsp;W przypadku nieobecno\u015bci na egzaminie oraz jego om\u00f3wieniu kursant ma mo\u017cliwo\u015b\u0107 wykupienia dodatkowego terminu. Koszt dodatkowego ONLINE egzaminu oraz ONLINE om\u00f3wienia to \u20ac50,-.&nbsp;<\/p>\n\n\n\n<p>10.&nbsp;Egzamin uwa\u017ca si\u0119 za zaliczony przy osi\u0105gni\u0119tym wyniku co najmniej 65%.&nbsp;<\/p>\n\n\n\n<p>11.&nbsp;W przypadku niezaliczenia egzaminu ko\u0144cowego kursant ma mo\u017cliwo\u015b\u0107 wykupienia ONLINE poprawki za dodatkow\u0105 op\u0142at\u0105 \u20ac50,-.&nbsp;<\/p>\n\n\n\n<p>12.&nbsp;Szko\u0142a ELLANA ma prawo do odwo\u0142ania kursu niderlandzkiego, je\u015bli liczba zapis\u00f3w na kurs jest niewystarczaj\u0105ca. Ustalony b\u0119dzie nowy termin kursu.<\/p>\n\n\n\n<p>13.&nbsp;W przypadku, kiedy kurs zostanie anulowany przez szko\u0142\u0119 ELLANA, oplata za kurs zostanie zwr\u00f3cona.&nbsp;<\/p>\n\n\n\n<p>14.&nbsp;Zaplanowana lekcja odwo\u0142ana z powodu nieprzewidzianych okoliczno\u015bci przez szko\u0142\u0119 ELLANA zostanie odrobiona w innym terminie. Nowy termin zostanie ustalony z kursantami.<\/p>\n\n\n\n<p>15.&nbsp;Je\u017celi kursant&nbsp;<strong>z w\u0142asnej inicjatywy \/ z powod\u00f3w prywatnych<\/strong>&nbsp;zdecyduje si\u0119 na przedterminowe zako\u0144czenie uczestnictwa w kursie niderlandzkiego, oplata&nbsp;<strong>nie<\/strong>&nbsp;zostanie zwr\u00f3cona. Zwrot 50% op\u0142aty za kurs jest&nbsp;<strong>mo\u017cliwy<\/strong>, kiedy kursant nie p\u00f3\u017aniej ni\u017c&nbsp;tydzie\u0144 przed&nbsp;rozpocz\u0119ciem kursu niderlandzkiego pisemnie z\u0142o\u017cy rezygnacj\u0119.&nbsp;<\/p>\n\n\n\n<p>16.&nbsp;Po uko\u0144czeniu kursu, aktywnym udziale w zaj\u0119ciach oraz pozytywnym zaliczeniu egzaminu kursant otrzyma Certyfikat uczestnictwa.<\/p>\n\n\n\n<p>17.&nbsp;W przypadku nieobecno\u015bci kursanta na rozdaniu certyfikat\u00f3w, b\u0119dzie on wys\u0142any poczt\u0105 na adres zamieszkania podany przez kursanta.<\/p>\n\n\n\n<p>18.&nbsp;Materia\u0142y dydaktyczne, pomoce naukowe i materia\u0142y do \u0107wicze\u0144, informacje, teksty i wszelkie inne materia\u0142y w dowolnej formie s\u0105 w\u0142asno\u015bci\u0105 szko\u0142y ELLANA&nbsp;<strong>NIE<\/strong>&nbsp;mog\u0105 by\u0107 one powielane, kopiowane, publikowane, przechowywane, adaptowane ani u\u017cywane w jakiejkolwiek formie, online lub offline, bez uprzedniej pisemnej zgody szko\u0142y ELLANA.<\/p>\n\n\n\n<p>19.&nbsp;Naruszenie tych praw b\u0119dzie prowadzi\u0107 do post\u0119powania s\u0105dowego.<\/p>\n\n\n\n<p style=\"font-size:20px\"><strong>KURSY GRUPOWE ONLINE<\/strong><\/p>\n\n\n\n<p>1.&nbsp;&nbsp;&nbsp;&nbsp;Kurs grupowy online sk\u0142ada si\u0119 z 9 spotka\u0144, ka\u017cde po 2 godziny (1x w tygodniu).&nbsp;<\/p>\n\n\n\n<p>2.&nbsp;&nbsp;&nbsp;&nbsp;Minimalna ilo\u015b\u0107 uczestnik\u00f3w jest 2. W grupie jest maksymalnie sze\u015b\u0107 os\u00f3b.<\/p>\n\n\n\n<p>3.&nbsp;&nbsp;&nbsp;&nbsp;Cena kursu jest w\u0142\u0105cznie z materia\u0142em do nauki, testem i certyfikatem.&nbsp;<\/p>\n\n\n\n<p><strong>4.&nbsp;&nbsp;&nbsp;&nbsp;<\/strong><strong>Ostatecznym potwierdzeniem zapisu na kurs niderlandzkiego w ELLANA jest wniesienie op\u0142aty za kurs. By zagwarantowa\u0107 sobie miejsce na wybranym kursie sugerujemy dokonanie op\u0142aty w wyznaczonym terminie podanym w mailu. W innym przypadku rezerwacja miejsca zostaje anulowana.<\/strong><strong>&nbsp;<\/strong><\/p>\n\n\n\n<p><strong>5.&nbsp;&nbsp;&nbsp;&nbsp;<\/strong><strong>Nie ma mo\u017cliwo\u015bci zap\u0142aty za kurs got\u00f3wk\u0105.<\/strong><\/p>\n\n\n\n<p>6.&nbsp;&nbsp;&nbsp;&nbsp;Po uiszczeniu op\u0142aty za kurs kursant otrzyma drog\u0105 mailow\u0105 ostateczne potwierdzenie zapisu na wybrany kurs oraz zap\u0142acon\u0105 faktur\u0119.&nbsp;<\/p>\n\n\n\n<p>7.&nbsp;&nbsp;&nbsp;&nbsp;Faktura zostaje wystawiona na podstawie danych podanych w formularzu zapis\u00f3w na kurs. Zmiana danych jest mo\u017cliwa poprzez kontakt mailowy ze szko\u0142\u0105 ELLANA, mail@ellana.nl.&nbsp;<\/p>\n\n\n\n<p>8.&nbsp;&nbsp;&nbsp;&nbsp;Po zakupie kursu kursant jest zobowi\u0105zany uczestniczy\u0107 w zaplanowanych zaj\u0119ciach, egzaminie oraz om\u00f3wieniu egzaminu.&nbsp;<\/p>\n\n\n\n<p>9.&nbsp;&nbsp;&nbsp;&nbsp;W przypadku nieobecno\u015bci na egzaminie oraz jego om\u00f3wieniu kursant ma mo\u017cliwo\u015b\u0107 wykupienia dodatkowego terminu. Koszt dodatkowego ONLINE egzaminu oraz ONLINE om\u00f3wienia to \u20ac50,-.&nbsp;<\/p>\n\n\n\n<p>10.&nbsp;Egzamin uwa\u017ca si\u0119 za zaliczony przy osi\u0105gni\u0119tym wyniku co najmniej 65%&nbsp;<\/p>\n\n\n\n<p>11.&nbsp;W przypadku niezaliczenia egzaminu ko\u0144cowego kursant ma mo\u017cliwo\u015b\u0107 wykupienia ONLINE poprawki za dodatkow\u0105 op\u0142at\u0105 \u20ac50,-.&nbsp;&nbsp;<strong>&nbsp;<\/strong><\/p>\n\n\n\n<p>12.&nbsp;Szko\u0142a ELLANA ma prawo do odwo\u0142ania kursu niderlandzkiego, je\u015bli liczba zapis\u00f3w na kurs jest niewystarczaj\u0105ca. Ustalony b\u0119dzie nowy termin kursu.<\/p>\n\n\n\n<p>13.&nbsp;W przypadku, kiedy kurs zostanie anulowany przez szko\u0142\u0119 ELLANA, oplata za kurs zostanie zwr\u00f3cona.&nbsp;<\/p>\n\n\n\n<p>14.&nbsp;Zaplanowana lekcja odwo\u0142ana z powodu nieprzewidzianych okoliczno\u015bci przez szko\u0142\u0119 ELLANA zostanie odrobiona w innym terminie. Nowy termin zostanie ustalony z kursantami.<\/p>\n\n\n\n<p>15.&nbsp;Je\u017celi kursant&nbsp;<strong>z w\u0142asnej inicjatywy \/ z powod\u00f3w prywatnych<\/strong>&nbsp;zdecyduje si\u0119 na przedterminowe zako\u0144czenie uczestnictwa w kursie niderlandzkiego, oplata&nbsp;<strong>nie<\/strong>&nbsp;zostanie zwr\u00f3cona. Zwrot 50% op\u0142aty za kurs jest&nbsp;<strong>mo\u017cliwy<\/strong>, kiedy kursant nie p\u00f3\u017aniej ni\u017c&nbsp;tydzie\u0144 przed&nbsp;rozpocz\u0119ciem kursu niderlandzkiego pisemnie z\u0142o\u017cy rezygnacj\u0119.&nbsp;<\/p>\n\n\n\n<p>16.&nbsp;Po uko\u0144czeniu kursu, aktywnym udziale w zaj\u0119ciach oraz pozytywnym zaliczeniu egzaminu kursant otrzyma Certyfikat uczestnictwa. Certyfikat jest wysy\u0142any poczt\u0105 na podany przez kursanta adres zamieszkania.&nbsp;<\/p>\n\n\n\n<p>17.&nbsp;Materia\u0142y dydaktyczne, pomoce naukowe i materia\u0142y do \u0107wicze\u0144, informacje, teksty i wszelkie inne materia\u0142y w dowolnej formie s\u0105 w\u0142asno\u015bci\u0105 szko\u0142y ELLANA.&nbsp;<strong>NIE<\/strong>&nbsp;mog\u0105 by\u0107 one powielane, kopiowane, publikowane, przechowywane, adaptowane ani u\u017cywane w jakiejkolwiek formie, online lub offline, bez uprzedniej pisemnej zgody szko\u0142y ELLANA.<\/p>\n\n\n\n<p>18.&nbsp;Naruszenie tych praw b\u0119dzie prowadzi\u0107 do post\u0119powania s\u0105dowego.<\/p>\n\n\n\n<ul id=\"menu-1-cd50ef0\" class=\"wp-block-list\">\n<li><a href=\"https:\/\/ellana.nl\/regulamin\">Regulamin<\/a><\/li>\n\n\n\n<li><a href=\"https:\/\/ellana.nl\/polityka-prywatnosci\">Polityka prywatno\u015bci<\/a><\/li>\n\n\n\n<li><a href=\"https:\/\/ellana.nl\/warunki-kursow-niderlandzkiego\">Warunki kursu niderlandzkiego<\/a><\/li>\n<\/ul>\n<\/div><\/div>\n\n<\/div><\/div>","protected":false},"excerpt":{"rendered":"<p>Warunki kurs\u00f3w niderlandzkiego | Ellana.nl KURSY GRUPOWE STACJONARNE 1.&nbsp;&nbsp;&nbsp;&nbsp;Kurs grupowy stacjonarny sk\u0142ada si\u0119 z 8 spotka\u0144, ka\u017cde po 2 godziny&nbsp;(1x w tygodniu). 2.&nbsp;&nbsp;&nbsp;&nbsp;Minimalna ilo\u015b\u0107 uczestnik\u00f3w jest 4. W grupie jest maksymalnie osiem os\u00f3b.&nbsp; 3.&nbsp;&nbsp;&nbsp;&nbsp;Cena kursu jest w\u0142\u0105cznie z materia\u0142em do nauki, testem i certyfikatem.&nbsp; 4.&nbsp;&nbsp;&nbsp;&nbsp;Ostatecznym potwierdzeniem zapisu na kurs niderlandzkiego w ELLANA jest wniesienie op\u0142aty&#8230;<\/p>\n","protected":false},"author":1,"featured_media":0,"parent":0,"menu_order":0,"comment_status":"closed","ping_status":"closed","template":"","meta":{"_kb_optimizer_status":1,"_kad_blocks_custom_css":"","_kad_blocks_head_custom_js":"","_kad_blocks_body_custom_js":"","_kad_blocks_footer_custom_js":"","_kad_post_transparent":"","_kad_post_title":"hide","_kad_post_layout":"","_kad_post_sidebar_id":"","_kad_post_content_style":"","_kad_post_vertical_padding":"","_kad_post_feature":"","_kad_post_feature_position":"","_kad_post_header":false,"_kad_post_footer":false,"_kad_post_classname":"","footnotes":""},"class_list":["post-766","page","type-page","status-publish","hentry"],"yoast_head":"<!-- This site is optimized with the Yoast SEO plugin v27.4 - https:\/\/yoast.com\/product\/yoast-seo-wordpress\/ -->\n<title>Warunki kurs\u00f3w niderlandzkiego - Ellana.nl - Szko\u0142a j\u0119zyka niderlandzkiego<\/title>\n<meta name=\"robots\" content=\"noindex, nofollow\" \/>\n<meta property=\"og:locale\" content=\"pl_PL\" \/>\n<meta property=\"og:type\" content=\"article\" \/>\n<meta property=\"og:title\" content=\"Warunki kurs\u00f3w niderlandzkiego - Ellana.nl - Szko\u0142a j\u0119zyka niderlandzkiego\" \/>\n<meta property=\"og:description\" content=\"Warunki kurs\u00f3w niderlandzkiego | Ellana.nl KURSY GRUPOWE STACJONARNE 1.&nbsp;&nbsp;&nbsp;&nbsp;Kurs grupowy stacjonarny sk\u0142ada si\u0119 z 8 spotka\u0144, ka\u017cde po 2 godziny&nbsp;(1x w tygodniu). 2.&nbsp;&nbsp;&nbsp;&nbsp;Minimalna ilo\u015b\u0107 uczestnik\u00f3w jest 4. W grupie jest maksymalnie osiem os\u00f3b.&nbsp; 3.&nbsp;&nbsp;&nbsp;&nbsp;Cena kursu jest w\u0142\u0105cznie z materia\u0142em do nauki, testem i certyfikatem.&nbsp; 4.&nbsp;&nbsp;&nbsp;&nbsp;Ostatecznym potwierdzeniem zapisu na kurs niderlandzkiego w ELLANA jest wniesienie op\u0142aty...\" \/>\n<meta property=\"og:url\" content=\"https:\/\/ellana.nl\/pl\/warunki-kursow-niderlandzkiego\/\" \/>\n<meta property=\"og:site_name\" content=\"Ellana.nl - Szko\u0142a j\u0119zyka niderlandzkiego\" \/>\n<meta property=\"article:publisher\" content=\"https:\/\/www.facebook.com\/eamtaal\" \/>\n<meta property=\"article:modified_time\" content=\"2026-04-15T08:21:41+00:00\" \/>\n<meta name=\"twitter:card\" content=\"summary_large_image\" \/>\n<meta name=\"twitter:label1\" content=\"Szacowany czas czytania\" \/>\n\t<meta name=\"twitter:data1\" content=\"5 minut\" \/>\n<script type=\"application\/ld+json\" class=\"yoast-schema-graph\">{\"@context\":\"https:\\\/\\\/schema.org\",\"@graph\":[{\"@type\":\"WebPage\",\"@id\":\"https:\\\/\\\/ellana.nl\\\/pl\\\/warunki-kursow-niderlandzkiego\\\/\",\"url\":\"https:\\\/\\\/ellana.nl\\\/pl\\\/warunki-kursow-niderlandzkiego\\\/\",\"name\":\"Warunki kurs\u00f3w niderlandzkiego - Ellana.nl - Szko\u0142a j\u0119zyka niderlandzkiego\",\"isPartOf\":{\"@id\":\"https:\\\/\\\/ellana.nl\\\/pl\\\/#website\"},\"datePublished\":\"2024-03-13T09:07:30+00:00\",\"dateModified\":\"2026-04-15T08:21:41+00:00\",\"breadcrumb\":{\"@id\":\"https:\\\/\\\/ellana.nl\\\/pl\\\/warunki-kursow-niderlandzkiego\\\/#breadcrumb\"},\"inLanguage\":\"pl-PL\",\"potentialAction\":[{\"@type\":\"ReadAction\",\"target\":[\"https:\\\/\\\/ellana.nl\\\/pl\\\/warunki-kursow-niderlandzkiego\\\/\"]}]},{\"@type\":\"BreadcrumbList\",\"@id\":\"https:\\\/\\\/ellana.nl\\\/pl\\\/warunki-kursow-niderlandzkiego\\\/#breadcrumb\",\"itemListElement\":[{\"@type\":\"ListItem\",\"position\":1,\"name\":\"Strona g\u0142\u00f3wna\",\"item\":\"https:\\\/\\\/ellana.nl\\\/pl\\\/\"},{\"@type\":\"ListItem\",\"position\":2,\"name\":\"Warunki kurs\u00f3w niderlandzkiego\"}]},{\"@type\":\"WebSite\",\"@id\":\"https:\\\/\\\/ellana.nl\\\/pl\\\/#website\",\"url\":\"https:\\\/\\\/ellana.nl\\\/pl\\\/\",\"name\":\"Ellana.nl - kursy j\u0119zyka holenderskiego\",\"description\":\"Szko\u0142a j\u0119zyka niderlandzkiego\",\"publisher\":{\"@id\":\"https:\\\/\\\/ellana.nl\\\/pl\\\/#organization\"},\"potentialAction\":[{\"@type\":\"SearchAction\",\"target\":{\"@type\":\"EntryPoint\",\"urlTemplate\":\"https:\\\/\\\/ellana.nl\\\/pl\\\/?s={search_term_string}\"},\"query-input\":{\"@type\":\"PropertyValueSpecification\",\"valueRequired\":true,\"valueName\":\"search_term_string\"}}],\"inLanguage\":\"pl-PL\"},{\"@type\":\"Organization\",\"@id\":\"https:\\\/\\\/ellana.nl\\\/pl\\\/#organization\",\"name\":\"Ellana.nl - kursy j\u0119zyka holenderskiego\",\"url\":\"https:\\\/\\\/ellana.nl\\\/pl\\\/\",\"logo\":{\"@type\":\"ImageObject\",\"inLanguage\":\"pl-PL\",\"@id\":\"https:\\\/\\\/ellana.nl\\\/pl\\\/#\\\/schema\\\/logo\\\/image\\\/\",\"url\":\"https:\\\/\\\/ellana.nl\\\/wp-content\\\/uploads\\\/2026\\\/03\\\/cropped-ELLANA-1.webp\",\"contentUrl\":\"https:\\\/\\\/ellana.nl\\\/wp-content\\\/uploads\\\/2026\\\/03\\\/cropped-ELLANA-1.webp\",\"width\":500,\"height\":94,\"caption\":\"Ellana.nl - kursy j\u0119zyka holenderskiego\"},\"image\":{\"@id\":\"https:\\\/\\\/ellana.nl\\\/pl\\\/#\\\/schema\\\/logo\\\/image\\\/\"},\"sameAs\":[\"https:\\\/\\\/www.facebook.com\\\/eamtaal\",\"https:\\\/\\\/www.instagram.com\\\/eamtaal.nl\\\/\",\"https:\\\/\\\/www.youtube.com\\\/watch?v=sPl1oD6xrY4\",\"https:\\\/\\\/www.linkedin.com\\\/in\\\/ella-de-jonge-9b20b898\\\/\"]}]}<\/script>\n<!-- \/ Yoast SEO plugin. -->","yoast_head_json":{"title":"Warunki kurs\u00f3w niderlandzkiego - Ellana.nl - Szko\u0142a j\u0119zyka niderlandzkiego","robots":{"index":"noindex","follow":"nofollow"},"og_locale":"pl_PL","og_type":"article","og_title":"Warunki kurs\u00f3w niderlandzkiego - Ellana.nl - Szko\u0142a j\u0119zyka niderlandzkiego","og_description":"Warunki kurs\u00f3w niderlandzkiego | Ellana.nl KURSY GRUPOWE STACJONARNE 1.&nbsp;&nbsp;&nbsp;&nbsp;Kurs grupowy stacjonarny sk\u0142ada si\u0119 z 8 spotka\u0144, ka\u017cde po 2 godziny&nbsp;(1x w tygodniu). 2.&nbsp;&nbsp;&nbsp;&nbsp;Minimalna ilo\u015b\u0107 uczestnik\u00f3w jest 4. W grupie jest maksymalnie osiem os\u00f3b.&nbsp; 3.&nbsp;&nbsp;&nbsp;&nbsp;Cena kursu jest w\u0142\u0105cznie z materia\u0142em do nauki, testem i certyfikatem.&nbsp; 4.&nbsp;&nbsp;&nbsp;&nbsp;Ostatecznym potwierdzeniem zapisu na kurs niderlandzkiego w ELLANA jest wniesienie op\u0142aty...","og_url":"https:\/\/ellana.nl\/pl\/warunki-kursow-niderlandzkiego\/","og_site_name":"Ellana.nl - Szko\u0142a j\u0119zyka niderlandzkiego","article_publisher":"https:\/\/www.facebook.com\/eamtaal","article_modified_time":"2026-04-15T08:21:41+00:00","twitter_card":"summary_large_image","twitter_misc":{"Szacowany czas czytania":"5 minut"},"schema":{"@context":"https:\/\/schema.org","@graph":[{"@type":"WebPage","@id":"https:\/\/ellana.nl\/pl\/warunki-kursow-niderlandzkiego\/","url":"https:\/\/ellana.nl\/pl\/warunki-kursow-niderlandzkiego\/","name":"Warunki kurs\u00f3w niderlandzkiego - Ellana.nl - Szko\u0142a j\u0119zyka niderlandzkiego","isPartOf":{"@id":"https:\/\/ellana.nl\/pl\/#website"},"datePublished":"2024-03-13T09:07:30+00:00","dateModified":"2026-04-15T08:21:41+00:00","breadcrumb":{"@id":"https:\/\/ellana.nl\/pl\/warunki-kursow-niderlandzkiego\/#breadcrumb"},"inLanguage":"pl-PL","potentialAction":[{"@type":"ReadAction","target":["https:\/\/ellana.nl\/pl\/warunki-kursow-niderlandzkiego\/"]}]},{"@type":"BreadcrumbList","@id":"https:\/\/ellana.nl\/pl\/warunki-kursow-niderlandzkiego\/#breadcrumb","itemListElement":[{"@type":"ListItem","position":1,"name":"Strona g\u0142\u00f3wna","item":"https:\/\/ellana.nl\/pl\/"},{"@type":"ListItem","position":2,"name":"Warunki kurs\u00f3w niderlandzkiego"}]},{"@type":"WebSite","@id":"https:\/\/ellana.nl\/pl\/#website","url":"https:\/\/ellana.nl\/pl\/","name":"Ellana.nl - kursy j\u0119zyka holenderskiego","description":"Szko\u0142a j\u0119zyka niderlandzkiego","publisher":{"@id":"https:\/\/ellana.nl\/pl\/#organization"},"potentialAction":[{"@type":"SearchAction","target":{"@type":"EntryPoint","urlTemplate":"https:\/\/ellana.nl\/pl\/?s={search_term_string}"},"query-input":{"@type":"PropertyValueSpecification","valueRequired":true,"valueName":"search_term_string"}}],"inLanguage":"pl-PL"},{"@type":"Organization","@id":"https:\/\/ellana.nl\/pl\/#organization","name":"Ellana.nl - kursy j\u0119zyka holenderskiego","url":"https:\/\/ellana.nl\/pl\/","logo":{"@type":"ImageObject","inLanguage":"pl-PL","@id":"https:\/\/ellana.nl\/pl\/#\/schema\/logo\/image\/","url":"https:\/\/ellana.nl\/wp-content\/uploads\/2026\/03\/cropped-ELLANA-1.webp","contentUrl":"https:\/\/ellana.nl\/wp-content\/uploads\/2026\/03\/cropped-ELLANA-1.webp","width":500,"height":94,"caption":"Ellana.nl - kursy j\u0119zyka holenderskiego"},"image":{"@id":"https:\/\/ellana.nl\/pl\/#\/schema\/logo\/image\/"},"sameAs":["https:\/\/www.facebook.com\/eamtaal","https:\/\/www.instagram.com\/eamtaal.nl\/","https:\/\/www.youtube.com\/watch?v=sPl1oD6xrY4","https:\/\/www.linkedin.com\/in\/ella-de-jonge-9b20b898\/"]}]}},"taxonomy_info":[],"featured_image_src_large":false,"author_info":{"display_name":"Ela De Jonge","author_link":"https:\/\/ellana.nl\/pl\/author\/admin-f6c8u81t\/"},"comment_info":0,"_links":{"self":[{"href":"https:\/\/ellana.nl\/pl\/wp-json\/wp\/v2\/pages\/766","targetHints":{"allow":["GET"]}}],"collection":[{"href":"https:\/\/ellana.nl\/pl\/wp-json\/wp\/v2\/pages"}],"about":[{"href":"https:\/\/ellana.nl\/pl\/wp-json\/wp\/v2\/types\/page"}],"author":[{"embeddable":true,"href":"https:\/\/ellana.nl\/pl\/wp-json\/wp\/v2\/users\/1"}],"replies":[{"embeddable":true,"href":"https:\/\/ellana.nl\/pl\/wp-json\/wp\/v2\/comments?post=766"}],"version-history":[{"count":10,"href":"https:\/\/ellana.nl\/pl\/wp-json\/wp\/v2\/pages\/766\/revisions"}],"predecessor-version":[{"id":2421,"href":"https:\/\/ellana.nl\/pl\/wp-json\/wp\/v2\/pages\/766\/revisions\/2421"}],"wp:attachment":[{"href":"https:\/\/ellana.nl\/pl\/wp-json\/wp\/v2\/media?parent=766"}],"curies":[{"name":"wp","href":"https:\/\/api.w.org\/{rel}","templated":true}]}}