{"id":638,"date":"2024-03-11T08:46:03","date_gmt":"2024-03-11T07:46:03","guid":{"rendered":"https:\/\/ellana.nl\/?page_id=638"},"modified":"2026-04-15T10:21:32","modified_gmt":"2026-04-15T08:21:32","slug":"regulamin","status":"publish","type":"page","link":"https:\/\/ellana.nl\/pl\/regulamin\/","title":{"rendered":"Regulamin"},"content":{"rendered":"<style>.kb-row-layout-id638_218634-89 > .kt-row-column-wrap{align-content:start;}:where(.kb-row-layout-id638_218634-89 > .kt-row-column-wrap) > .wp-block-kadence-column{justify-content:start;}.kb-row-layout-id638_218634-89 > .kt-row-column-wrap{column-gap:var(--global-kb-gap-md, 2rem);row-gap:var(--global-kb-gap-md, 2rem);max-width:var( --global-content-width, 1290px );padding-left:var(--global-content-edge-padding);padding-right:var(--global-content-edge-padding);padding-top:80px;padding-bottom:80px;grid-template-columns:minmax(0, 1fr);}.kb-row-layout-id638_218634-89 > .kt-row-layout-overlay{opacity:0.30;}@media all and (max-width: 1024px){.kb-row-layout-id638_218634-89 > .kt-row-column-wrap{grid-template-columns:minmax(0, 1fr);}}@media all and (max-width: 767px){.kb-row-layout-id638_218634-89 > .kt-row-column-wrap{grid-template-columns:minmax(0, 1fr);}}<\/style><div class=\"kb-row-layout-wrap kb-row-layout-id638_218634-89 alignnone wp-block-kadence-rowlayout\"><div class=\"kt-row-column-wrap kt-has-1-columns kt-row-layout-equal kt-tab-layout-inherit kt-mobile-layout-row kt-row-valign-top kb-theme-content-width\">\n<style>.kadence-column638_7b4d5f-0b > .kt-inside-inner-col,.kadence-column638_7b4d5f-0b > .kt-inside-inner-col:before{border-top-left-radius:0px;border-top-right-radius:0px;border-bottom-right-radius:0px;border-bottom-left-radius:0px;}.kadence-column638_7b4d5f-0b > .kt-inside-inner-col{column-gap:var(--global-kb-gap-sm, 1rem);}.kadence-column638_7b4d5f-0b > .kt-inside-inner-col{flex-direction:column;}.kadence-column638_7b4d5f-0b > .kt-inside-inner-col > .aligncenter{width:100%;}.kadence-column638_7b4d5f-0b > .kt-inside-inner-col:before{opacity:0.3;}.kadence-column638_7b4d5f-0b{position:relative;}@media all and (max-width: 1024px){.kadence-column638_7b4d5f-0b > .kt-inside-inner-col{flex-direction:column;justify-content:center;}}@media all and (max-width: 767px){.kadence-column638_7b4d5f-0b > .kt-inside-inner-col{flex-direction:column;justify-content:center;}}<\/style>\n<div class=\"wp-block-kadence-column kadence-column638_7b4d5f-0b\"><div class=\"kt-inside-inner-col\"><style>.wp-block-kadence-advancedheading.kt-adv-heading638_040803-dc, .wp-block-kadence-advancedheading.kt-adv-heading638_040803-dc[data-kb-block=\"kb-adv-heading638_040803-dc\"]{padding-bottom:40px;text-align:left;font-style:normal;}.wp-block-kadence-advancedheading.kt-adv-heading638_040803-dc mark.kt-highlight, .wp-block-kadence-advancedheading.kt-adv-heading638_040803-dc[data-kb-block=\"kb-adv-heading638_040803-dc\"] mark.kt-highlight{font-style:normal;color:#f76a0c;-webkit-box-decoration-break:clone;box-decoration-break:clone;padding-top:0px;padding-right:0px;padding-bottom:0px;padding-left:0px;}.wp-block-kadence-advancedheading.kt-adv-heading638_040803-dc img.kb-inline-image, .wp-block-kadence-advancedheading.kt-adv-heading638_040803-dc[data-kb-block=\"kb-adv-heading638_040803-dc\"] img.kb-inline-image{width:150px;vertical-align:baseline;}<\/style>\n<h1 class=\"kt-adv-heading638_040803-dc wp-block-kadence-advancedheading has-theme-palette-5-color has-text-color\" data-kb-block=\"kb-adv-heading638_040803-dc\">Regulamin Og\u00f3lny | Ellana.nl<\/h1>\n\n\n\n<p style=\"font-size:20px\"><strong>1. Og\u00f3lne<\/strong><\/p>\n\n\n\n<ul class=\"wp-block-list\">\n<li>Niniejsze warunki zosta\u0142y sporz\u0105dzone w j\u0119zyku niderlandzkim. Te warunki zosta\u0142y r\u00f3wnie\u017c\u0307 przet\u0142umaczone na j\u0119zyk polski, jednak w przypadku r\u00f3\u017cnic (w interpretacji) tekstu warunk\u00f3w, przywilej ma tekst niderlandzki, kt\u00f3ry jest wi\u0105\u017c\u0105cy.<\/li>\n\n\n\n<li>ELLANA zastrzega sobie prawo do zmiany niniejszego regulaminu w ka\u017cdej chwili bez uprzedniego oznajmienia. Zmiany regulaminu nie wp\u0142ywaj\u0105\u0328 na umowy zawarte przed wprowadzeniem zmian.<\/li>\n<\/ul>\n\n\n\n<p style=\"font-size:20px\"><strong>2. Definicje<\/strong><\/p>\n\n\n\n<ul class=\"wp-block-list\">\n<li>Zleceniodawca: osoba fizyczna lub prawna, kt\u00f3ra zawiera umow\u0119 z zleceniobiorca do \u015bwiadcze\u0144 pracy. Zleceniodawca to r\u00f3wnie\u017c: klient.<\/li>\n\n\n\n<li>Zleceniobiorca: ELLANA, z siedzib\u0105 w Monster i wpisana w rejestrze Handlowym Izby Handlowej pod numerem 73528609; zwanej dalej: ELLANA.<\/li>\n\n\n\n<li>Osoba trzecia: Osoba trzecia wspomagana przez zleceniobiorc\u0119 przy realizacji zlecenia.<\/li>\n<\/ul>\n\n\n\n<p style=\"font-size:20px\"><strong> 3.Zakres zastosowania og\u00f3lnych warunk\u00f3w<\/strong><\/p>\n\n\n\n<ul class=\"wp-block-list\">\n<li>Niniejsze warunki og\u00f3lne dotycz\u0105 wszystkich us\u0142ug i um\u00f3w, kt\u00f3re ka\u017cda osoba fizyczna lub osoba prawna zwana dalej klientem, zawiera z ELLANA.<\/li>\n<\/ul>\n\n\n\n<p style=\"font-size:20px\"><strong> 4. Umowa<\/strong><\/p>\n\n\n\n<ul class=\"wp-block-list\">\n<li>Umowa z ELLANA zostaje zawarta po zaakceptowaniu oferty od ELLANA przez klienta. Zawarcie umowy z ELLANA jest r\u00f3wnie\u017c mo\u017cliwe poprzez pisemne przyj\u0119cie zlecenia przez ELLANA.<\/li>\n\n\n\n<li>Umowa z ELLANA zostaje zawarta w nast\u0119puj\u0105cy spos\u00f3b. Wy\u0142\u0105cznie ELLANA jest dla klienta zleceniobiorc\u0105. To obowi\u0105zuje r\u00f3wnie\u017c\u0307 w przypadku, gdy wyra\u017an\u0105\u0328 lub milcz\u0105c\u0105\u0328 intencj\u0105 klienta jest, \u017ceby zlecenie zosta\u0142o wykonane przez okre\u015blon\u0105\u0328 osob\u0119\u0328. Efekt artyku\u0142\u00f3w 7:404 i 7:407 my\u015blnik 2 holenderskiego kodeksu cywilnego jest wykluczony.<\/li>\n\n\n\n<li>Klient jest osob\u0105, dla potrzeb kt\u00f3rej wykonywane s\u0105\u0328 czynno\u015bci.<\/li>\n\n\n\n<li>ELLANA jest zobowi\u0105zana do zachowania dba\u0142o\u015bci, kt\u00f3rej w ramach lub z powodu wykonywanych us\u0142ug rozs\u0105dnie mo\u017cna od niej oczekiwa\u0107\u0301. ELLANA nie gwarantuje jednak osi\u0105gniecia zamierzonego rezultatu.<\/li>\n\n\n\n<li>Ten regulamin ma zastosowanie r\u00f3wnie\u017c\u0307 do ewentualnych dodatkowych i\/lub nast\u0119pnych zlece\u0144\u0301 klienta i jest w takich przypadkach uwa\u017cany jako udost\u0119pniony.<\/li>\n<\/ul>\n\n\n\n<p style=\"font-size:20px\"><strong>5. Zobowi\u0105zania klienta<\/strong><\/p>\n\n\n\n<ul class=\"wp-block-list\">\n<li>Klient jest zobowi\u0105zany dostarczy\u0107\u0301 na czas i w \u017cadnej przez ELLANA formie wszystkich poprawnych i pe\u0142nych informacji oraz dokument\u00f3w, kt\u00f3re wed\u0142ug ELLANA s\u0105\u0328, lub kt\u00f3re klient racjonalnie powinien rozumie\u0107\u0301 \u017ce s\u0105\u0328, niezb\u0119dne do wykonania us\u0142ugi. Klient jest odpowiedzialny za poprawno\u015b\u0107\u0301, pe\u0142no\u015b\u0107\u0301 i rzetelno\u015b\u0107\u0301 informacji i dokument\u00f3w przekazywanych do ELLANA, r\u00f3wnie\u017c\u0307 je\u017celi pochodz\u0105\u0328 one od os\u00f3b trzecich. ELLANA nie ponosi odpowiedzialno\u015bci za jak\u0105kolwiek szkod\u0119\u0328 spowodowan\u0105 podaniem przez klienta niepe\u0142nych lub nieprawid\u0142owych informacji.<\/li>\n\n\n\n<li>Klient zwalnia ELLANA z odpowiedzialno\u015bci przed roszczeniami os\u00f3b trzecich, kt\u00f3re twierdz\u0105 \u017ce ponios\u0142y szkod\u0119\u0328 w skutek lub w zwi\u0105zku z czynno\u015bciami wykonanymi przez ELLANA na potrzeby klienta.<\/li>\n\n\n\n<li>Je\u017celi zlecenie jest z\u0142o\u017cone przez osob\u0119\u0328 inn\u0105 ni\u017c\u0307 klient, jest zar\u00f3wno klient jak i ta osoba g\u0142\u00f3wnym odpowiedzialnym za wywi\u0105zanie si\u0119\u0328 z obowi\u0105zk\u00f3w wobec ELLANA.<\/li>\n<\/ul>\n\n\n\n<p style=\"font-size:20px\"><strong>6. W\u0142\u0105czanie os\u00f3b trzecich<\/strong><\/p>\n\n\n\n<ul class=\"wp-block-list\">\n<li>Wyb\u00f3r przez ELLANA osoby trzeciej b\u0119dzie w miar\u0119\u0328 mo\u017cliwo\u015bci omawiany z klientem i z zachowaniem nale\u017cytej dba\u0142o\u015bci. ELLANA nie ponosi odpowiedzialno\u015bci za ewentualne niewywi\u0105zywanie si\u0119\u0328 tych os\u00f3b trzecich.<\/li>\n<\/ul>\n\n\n\n<p style=\"font-size:20px\"><strong> 7. Odpowiedzialno\u015b\u0107<\/strong><\/p>\n\n\n\n<ul class=\"wp-block-list\">\n<li>Przy w\u0142\u0105czeniu os\u00f3b trzecich, ELLANA nie ponosi odpowiedzialno\u015bci za ewentualne b\u0142\u0119dy i niewywi\u0105zywanie si\u0119\u0328 tych os\u00f3b trzecich. Efekt artyku\u0142u 6:76 holenderskiego kodeksu cywilnego jest wyra\u017anie wykluczony.<\/li>\n\n\n\n<li>ELLANA nie ponosi odpowiedzialno\u015bci za op\u00f3\u017anienia i wszelkie szkody, wynikaj\u0105ce z nieterminowego dostarczenia informacji lub p\u0142atno\u015bci przez klienta, jak r\u00f3wnie\u017c za szkody, kt\u00f3re wynikaj\u0105 z przekazania niepe\u0142nych i\/lub niew\u0142a\u015bciwych informacji lub p\u0142atno\u015bci.<\/li>\n\n\n\n<li>Wszystkie transfery informacji i dokument\u00f3w zwi\u0105zanych ze zleceniem odbywaj\u0105 si\u0119 na koszt i ryzyko klienta.<\/li>\n\n\n\n<li>Za wszelkie szkody zwi\u0105zane z nieprawid\u0142owym wykonaniem zlece\u0144 z winy ELLANA, ELLANA nie ponosi odpowiedzialno\u015bci.<\/li>\n\n\n\n<li>Wszelka osobista i wykraczaj\u0105ca poza umow\u0119 odpowiedzialno\u015b\u0107 za b\u0142\u0119dy ELLANA lub zaanga\u017cowanych przez nie os\u00f3b trzecichjest jednoznacznie wykluczona.<\/li>\n\n\n\n<li>ELLANA nie ponosi odpowiedzialno\u015bci za jakakolwiek szkod\u0119 spowodowana odroczeniem czynno\u015bci.<\/li>\n<\/ul>\n\n\n\n<p style=\"font-size:20px\"><strong>8. Procedura reklamacyjna<\/strong><\/p>\n\n\n\n<ul class=\"wp-block-list\">\n<li>Skargi dotycz\u0105ce wykonania zlecenia powinny by\u0107 zg\u0142oszone, pod rygorem niewa\u017cno\u015bci, pisemnie i w ci\u0105gu 14 dni od daty wys\u0142ania dokument\u00f3w b\u0119d\u0105cych podmiotem roszcze\u0144.<\/li>\n\n\n\n<li>Wy\u017cej wymienione skargi nie zwalnia jednak klienta z obowi\u0105zku p\u0142atno\u015bci.<\/li>\n\n\n\n<li>Skargi dotycz\u0105ce faktur powinny by\u0107 zg\u0142oszone, pod rygorem niewa\u017cno\u015bci, pisemnie i w ci\u0105gu 14 dni od daty faktury.<\/li>\n<\/ul>\n\n\n\n<p style=\"font-size:20px\"><strong>9. Honorarium<\/strong><\/p>\n\n\n\n<ul class=\"wp-block-list\">\n<li>Czynno\u015bci ELLANA rozpoczyna swoje czynno\u015bci w zasadzie po zap\u0142acie faktury.<\/li>\n\n\n\n<li>Je\u017celi faktura nie jest zap\u0142acona na czas, ELLANA jest uprawniona do odroczenia czynno\u015bci.<\/li>\n<\/ul>\n\n\n\n<p style=\"font-size:20px\"><strong>10. Zachowanie poufno\u015bci<\/strong><\/p>\n\n\n\n<ul class=\"wp-block-list\">\n<li>ELLANA jest zobowi\u0105zana do zachowania tajemnicy wszystkich informacji uzyskanych w celu \u015bwiadczenia us\u0142ug.<\/li>\n<\/ul>\n\n\n\n<p style=\"font-size:20px\"><strong>11. Ochrona danych osobowych<\/strong><\/p>\n\n\n\n<ul class=\"wp-block-list\">\n<li>Przetwarzanie danych osobowych podlegaj\u0105 holenderskiej Ustawie o ochronie danych osobowych i europejskiemu Og\u00f3lnemu rozporz\u0105dzeniu o ochronie danych osobowych.<\/li>\n\n\n\n<li>W zwi\u0105zku z \u015bwiadczonymi us\u0142ugami ELLANA jest uprawniona do zarchiwizowania wszystkich wymaganych dokument\u00f3w, w ka\u017cdej formie. ELLANA nie ponosi odpowiedzialno\u015bci za utrat\u0119 danych lub kradzie\u017c, ani za nast\u0119pstwa niniejszych.<\/li>\n\n\n\n<li>Po zamkni\u0119ciu sprawy akta klient\u00f3w zostan\u0105 przechowywane przez dwana\u015bcie miesi\u0119cy. Po up\u0142ywie tego terminu wszystkie dane zostan\u0105 zniszczone bez uprzedniego oznajmienia.<\/li>\n<\/ul>\n\n\n\n<p style=\"font-size:20px\"><strong>12. Prawo<\/strong><\/p>\n\n\n\n<ul class=\"wp-block-list\">\n<li>Wszystkie us\u0142ugi \u015bwiadcz\u0105ce przez ELLANA podlegaj\u0105 prawu holenderskiemu.<\/li>\n\n\n\n<li>Spory wynikaj\u0105ce z umowy b\u0119d\u0105\u0328 rozstrzygane wy\u0142\u0105cznie przez w\u0142a\u015bciwy s\u0105d w rejonie w kt\u00f3rym ELLANA ma swoj\u0105 siedzib\u0119\u0328. ELLANA ma prawo zwr\u00f3ci\u0107\u0301 si\u0119\u0328 do s\u0105du w rejonie miejsca zamieszkania\/siedziby klienta.<\/li>\n<\/ul>\n<\/div><\/div>\n\n<\/div><\/div>","protected":false},"excerpt":{"rendered":"<p>Regulamin Og\u00f3lny | Ellana.nl 1. Og\u00f3lne 2. Definicje 3.Zakres zastosowania og\u00f3lnych warunk\u00f3w 4. Umowa 5. Zobowi\u0105zania klienta 6. W\u0142\u0105czanie os\u00f3b trzecich 7. Odpowiedzialno\u015b\u0107 8. Procedura reklamacyjna 9. Honorarium 10. Zachowanie poufno\u015bci 11. Ochrona danych osobowych 12. Prawo<\/p>\n","protected":false},"author":1,"featured_media":0,"parent":0,"menu_order":0,"comment_status":"closed","ping_status":"closed","template":"","meta":{"_kb_optimizer_status":1,"_kad_blocks_custom_css":"","_kad_blocks_head_custom_js":"","_kad_blocks_body_custom_js":"","_kad_blocks_footer_custom_js":"","_kad_post_transparent":"","_kad_post_title":"hide","_kad_post_layout":"","_kad_post_sidebar_id":"","_kad_post_content_style":"","_kad_post_vertical_padding":"","_kad_post_feature":"hide","_kad_post_feature_position":"","_kad_post_header":false,"_kad_post_footer":false,"_kad_post_classname":"","footnotes":""},"class_list":["post-638","page","type-page","status-publish","hentry"],"yoast_head":"<!-- This site is optimized with the Yoast SEO plugin v27.4 - https:\/\/yoast.com\/product\/yoast-seo-wordpress\/ -->\n<title>Regulamin - Ellana.nl - Szko\u0142a j\u0119zyka niderlandzkiego<\/title>\n<meta name=\"robots\" content=\"noindex, nofollow\" \/>\n<meta property=\"og:locale\" content=\"pl_PL\" \/>\n<meta property=\"og:type\" content=\"article\" \/>\n<meta property=\"og:title\" content=\"Regulamin - Ellana.nl - Szko\u0142a j\u0119zyka niderlandzkiego\" \/>\n<meta property=\"og:description\" content=\"Regulamin Og\u00f3lny | Ellana.nl 1. Og\u00f3lne 2. Definicje 3.Zakres zastosowania og\u00f3lnych warunk\u00f3w 4. Umowa 5. Zobowi\u0105zania klienta 6. W\u0142\u0105czanie os\u00f3b trzecich 7. Odpowiedzialno\u015b\u0107 8. Procedura reklamacyjna 9. Honorarium 10. Zachowanie poufno\u015bci 11. Ochrona danych osobowych 12. Prawo\" \/>\n<meta property=\"og:url\" content=\"https:\/\/ellana.nl\/pl\/regulamin\/\" \/>\n<meta property=\"og:site_name\" content=\"Ellana.nl - Szko\u0142a j\u0119zyka niderlandzkiego\" \/>\n<meta property=\"article:publisher\" content=\"https:\/\/www.facebook.com\/eamtaal\" \/>\n<meta property=\"article:modified_time\" content=\"2026-04-15T08:21:32+00:00\" \/>\n<meta name=\"twitter:card\" content=\"summary_large_image\" \/>\n<meta name=\"twitter:label1\" content=\"Szacowany czas czytania\" \/>\n\t<meta name=\"twitter:data1\" content=\"5 minut\" \/>\n<script type=\"application\/ld+json\" class=\"yoast-schema-graph\">{\"@context\":\"https:\\\/\\\/schema.org\",\"@graph\":[{\"@type\":\"WebPage\",\"@id\":\"https:\\\/\\\/ellana.nl\\\/pl\\\/regulamin\\\/\",\"url\":\"https:\\\/\\\/ellana.nl\\\/pl\\\/regulamin\\\/\",\"name\":\"Regulamin - Ellana.nl - Szko\u0142a j\u0119zyka niderlandzkiego\",\"isPartOf\":{\"@id\":\"https:\\\/\\\/ellana.nl\\\/pl\\\/#website\"},\"datePublished\":\"2024-03-11T07:46:03+00:00\",\"dateModified\":\"2026-04-15T08:21:32+00:00\",\"breadcrumb\":{\"@id\":\"https:\\\/\\\/ellana.nl\\\/pl\\\/regulamin\\\/#breadcrumb\"},\"inLanguage\":\"pl-PL\",\"potentialAction\":[{\"@type\":\"ReadAction\",\"target\":[\"https:\\\/\\\/ellana.nl\\\/pl\\\/regulamin\\\/\"]}]},{\"@type\":\"BreadcrumbList\",\"@id\":\"https:\\\/\\\/ellana.nl\\\/pl\\\/regulamin\\\/#breadcrumb\",\"itemListElement\":[{\"@type\":\"ListItem\",\"position\":1,\"name\":\"Strona g\u0142\u00f3wna\",\"item\":\"https:\\\/\\\/ellana.nl\\\/pl\\\/\"},{\"@type\":\"ListItem\",\"position\":2,\"name\":\"Regulamin\"}]},{\"@type\":\"WebSite\",\"@id\":\"https:\\\/\\\/ellana.nl\\\/pl\\\/#website\",\"url\":\"https:\\\/\\\/ellana.nl\\\/pl\\\/\",\"name\":\"Ellana.nl - kursy j\u0119zyka holenderskiego\",\"description\":\"Szko\u0142a j\u0119zyka niderlandzkiego\",\"publisher\":{\"@id\":\"https:\\\/\\\/ellana.nl\\\/pl\\\/#organization\"},\"potentialAction\":[{\"@type\":\"SearchAction\",\"target\":{\"@type\":\"EntryPoint\",\"urlTemplate\":\"https:\\\/\\\/ellana.nl\\\/pl\\\/?s={search_term_string}\"},\"query-input\":{\"@type\":\"PropertyValueSpecification\",\"valueRequired\":true,\"valueName\":\"search_term_string\"}}],\"inLanguage\":\"pl-PL\"},{\"@type\":\"Organization\",\"@id\":\"https:\\\/\\\/ellana.nl\\\/pl\\\/#organization\",\"name\":\"Ellana.nl - kursy j\u0119zyka holenderskiego\",\"url\":\"https:\\\/\\\/ellana.nl\\\/pl\\\/\",\"logo\":{\"@type\":\"ImageObject\",\"inLanguage\":\"pl-PL\",\"@id\":\"https:\\\/\\\/ellana.nl\\\/pl\\\/#\\\/schema\\\/logo\\\/image\\\/\",\"url\":\"https:\\\/\\\/ellana.nl\\\/wp-content\\\/uploads\\\/2026\\\/03\\\/cropped-ELLANA-1.webp\",\"contentUrl\":\"https:\\\/\\\/ellana.nl\\\/wp-content\\\/uploads\\\/2026\\\/03\\\/cropped-ELLANA-1.webp\",\"width\":500,\"height\":94,\"caption\":\"Ellana.nl - kursy j\u0119zyka holenderskiego\"},\"image\":{\"@id\":\"https:\\\/\\\/ellana.nl\\\/pl\\\/#\\\/schema\\\/logo\\\/image\\\/\"},\"sameAs\":[\"https:\\\/\\\/www.facebook.com\\\/eamtaal\",\"https:\\\/\\\/www.instagram.com\\\/eamtaal.nl\\\/\",\"https:\\\/\\\/www.youtube.com\\\/watch?v=sPl1oD6xrY4\",\"https:\\\/\\\/www.linkedin.com\\\/in\\\/ella-de-jonge-9b20b898\\\/\"]}]}<\/script>\n<!-- \/ Yoast SEO plugin. -->","yoast_head_json":{"title":"Regulamin - Ellana.nl - Szko\u0142a j\u0119zyka niderlandzkiego","robots":{"index":"noindex","follow":"nofollow"},"og_locale":"pl_PL","og_type":"article","og_title":"Regulamin - Ellana.nl - Szko\u0142a j\u0119zyka niderlandzkiego","og_description":"Regulamin Og\u00f3lny | Ellana.nl 1. Og\u00f3lne 2. Definicje 3.Zakres zastosowania og\u00f3lnych warunk\u00f3w 4. Umowa 5. Zobowi\u0105zania klienta 6. W\u0142\u0105czanie os\u00f3b trzecich 7. Odpowiedzialno\u015b\u0107 8. Procedura reklamacyjna 9. Honorarium 10. Zachowanie poufno\u015bci 11. Ochrona danych osobowych 12. Prawo","og_url":"https:\/\/ellana.nl\/pl\/regulamin\/","og_site_name":"Ellana.nl - Szko\u0142a j\u0119zyka niderlandzkiego","article_publisher":"https:\/\/www.facebook.com\/eamtaal","article_modified_time":"2026-04-15T08:21:32+00:00","twitter_card":"summary_large_image","twitter_misc":{"Szacowany czas czytania":"5 minut"},"schema":{"@context":"https:\/\/schema.org","@graph":[{"@type":"WebPage","@id":"https:\/\/ellana.nl\/pl\/regulamin\/","url":"https:\/\/ellana.nl\/pl\/regulamin\/","name":"Regulamin - Ellana.nl - Szko\u0142a j\u0119zyka niderlandzkiego","isPartOf":{"@id":"https:\/\/ellana.nl\/pl\/#website"},"datePublished":"2024-03-11T07:46:03+00:00","dateModified":"2026-04-15T08:21:32+00:00","breadcrumb":{"@id":"https:\/\/ellana.nl\/pl\/regulamin\/#breadcrumb"},"inLanguage":"pl-PL","potentialAction":[{"@type":"ReadAction","target":["https:\/\/ellana.nl\/pl\/regulamin\/"]}]},{"@type":"BreadcrumbList","@id":"https:\/\/ellana.nl\/pl\/regulamin\/#breadcrumb","itemListElement":[{"@type":"ListItem","position":1,"name":"Strona g\u0142\u00f3wna","item":"https:\/\/ellana.nl\/pl\/"},{"@type":"ListItem","position":2,"name":"Regulamin"}]},{"@type":"WebSite","@id":"https:\/\/ellana.nl\/pl\/#website","url":"https:\/\/ellana.nl\/pl\/","name":"Ellana.nl - kursy j\u0119zyka holenderskiego","description":"Szko\u0142a j\u0119zyka niderlandzkiego","publisher":{"@id":"https:\/\/ellana.nl\/pl\/#organization"},"potentialAction":[{"@type":"SearchAction","target":{"@type":"EntryPoint","urlTemplate":"https:\/\/ellana.nl\/pl\/?s={search_term_string}"},"query-input":{"@type":"PropertyValueSpecification","valueRequired":true,"valueName":"search_term_string"}}],"inLanguage":"pl-PL"},{"@type":"Organization","@id":"https:\/\/ellana.nl\/pl\/#organization","name":"Ellana.nl - kursy j\u0119zyka holenderskiego","url":"https:\/\/ellana.nl\/pl\/","logo":{"@type":"ImageObject","inLanguage":"pl-PL","@id":"https:\/\/ellana.nl\/pl\/#\/schema\/logo\/image\/","url":"https:\/\/ellana.nl\/wp-content\/uploads\/2026\/03\/cropped-ELLANA-1.webp","contentUrl":"https:\/\/ellana.nl\/wp-content\/uploads\/2026\/03\/cropped-ELLANA-1.webp","width":500,"height":94,"caption":"Ellana.nl - kursy j\u0119zyka holenderskiego"},"image":{"@id":"https:\/\/ellana.nl\/pl\/#\/schema\/logo\/image\/"},"sameAs":["https:\/\/www.facebook.com\/eamtaal","https:\/\/www.instagram.com\/eamtaal.nl\/","https:\/\/www.youtube.com\/watch?v=sPl1oD6xrY4","https:\/\/www.linkedin.com\/in\/ella-de-jonge-9b20b898\/"]}]}},"taxonomy_info":[],"featured_image_src_large":false,"author_info":{"display_name":"Ela De Jonge","author_link":"https:\/\/ellana.nl\/pl\/author\/admin-f6c8u81t\/"},"comment_info":0,"_links":{"self":[{"href":"https:\/\/ellana.nl\/pl\/wp-json\/wp\/v2\/pages\/638","targetHints":{"allow":["GET"]}}],"collection":[{"href":"https:\/\/ellana.nl\/pl\/wp-json\/wp\/v2\/pages"}],"about":[{"href":"https:\/\/ellana.nl\/pl\/wp-json\/wp\/v2\/types\/page"}],"author":[{"embeddable":true,"href":"https:\/\/ellana.nl\/pl\/wp-json\/wp\/v2\/users\/1"}],"replies":[{"embeddable":true,"href":"https:\/\/ellana.nl\/pl\/wp-json\/wp\/v2\/comments?post=638"}],"version-history":[{"count":10,"href":"https:\/\/ellana.nl\/pl\/wp-json\/wp\/v2\/pages\/638\/revisions"}],"predecessor-version":[{"id":2420,"href":"https:\/\/ellana.nl\/pl\/wp-json\/wp\/v2\/pages\/638\/revisions\/2420"}],"wp:attachment":[{"href":"https:\/\/ellana.nl\/pl\/wp-json\/wp\/v2\/media?parent=638"}],"curies":[{"name":"wp","href":"https:\/\/api.w.org\/{rel}","templated":true}]}}